{"id":31,"date":"2018-10-23T08:04:01","date_gmt":"2018-10-23T06:04:01","guid":{"rendered":"https:\/\/futuriodemos.com\/default-demo\/?page_id=31"},"modified":"2023-09-15T12:03:12","modified_gmt":"2023-09-15T10:03:12","slug":"domov","status":"publish","type":"page","link":"https:\/\/others.ucimesaweby.sk\/varinfara\/","title":{"rendered":"Domov"},"content":{"rendered":"\t\t<div data-elementor-type=\"wp-post\" data-elementor-id=\"31\" class=\"elementor elementor-31\">\n\t\t\t\t\t\t\t\t\t<section class=\"elementor-section elementor-top-section elementor-element elementor-element-259d14d elementor-section-height-min-height elementor-section-content-middle elementor-section-boxed elementor-section-height-default elementor-section-items-middle wpr-particle-no wpr-jarallax-no wpr-parallax-no wpr-sticky-section-no\" data-id=\"259d14d\" data-element_type=\"section\" data-settings=\"{&quot;background_background&quot;:&quot;slideshow&quot;,&quot;background_slideshow_gallery&quot;:[{&quot;id&quot;:201,&quot;url&quot;:&quot;https:\\\/\\\/others.ucimesaweby.sk\\\/varinfara\\\/wp-content\\\/uploads\\\/2023\\\/09\\\/varin.fara-2.jpg&quot;},{&quot;id&quot;:202,&quot;url&quot;:&quot;https:\\\/\\\/others.ucimesaweby.sk\\\/varinfara\\\/wp-content\\\/uploads\\\/2023\\\/09\\\/varin.fara-3.jpg&quot;},{&quot;id&quot;:180,&quot;url&quot;:&quot;https:\\\/\\\/others.ucimesaweby.sk\\\/varinfara\\\/wp-content\\\/uploads\\\/2023\\\/09\\\/varin_kostol_dnu-scaled.jpg&quot;},{&quot;id&quot;:230,&quot;url&quot;:&quot;https:\\\/\\\/others.ucimesaweby.sk\\\/varinfara\\\/wp-content\\\/uploads\\\/2023\\\/09\\\/varin-1-scaled.jpg&quot;}],&quot;background_slideshow_loop&quot;:&quot;yes&quot;,&quot;background_slideshow_slide_duration&quot;:5000,&quot;background_slideshow_slide_transition&quot;:&quot;fade&quot;,&quot;background_slideshow_transition_duration&quot;:500}\">\n\t\t\t\t\t\t\t<div class=\"elementor-background-overlay\"><\/div>\n\t\t\t\t\t\t\t<div class=\"elementor-container elementor-column-gap-default\">\n\t\t\t\t\t<div class=\"elementor-column elementor-col-100 elementor-top-column elementor-element elementor-element-9e029ca\" data-id=\"9e029ca\" data-element_type=\"column\">\n\t\t\t<div class=\"elementor-widget-wrap elementor-element-populated\">\n\t\t\t\t\t\t\t\t<div class=\"elementor-element elementor-element-d6ff4ef elementor-widget elementor-widget-writing-effect-headline\" data-id=\"d6ff4ef\" data-element_type=\"widget\" data-widget_type=\"writing-effect-headline.default\">\n\t\t\t\t<div class=\"elementor-widget-container\">\n\t\t\t        <h2 class=\"futurio-extra-written-headline\" data-speed=\"50\" data-delay=\"2000\" data-loop=\"1\">\r\n                    <span class=\"before-written\">Vitajte na webe<\/span>\r\n        \r\n                    <span class=\"written-lines\">farnost\u00ed Var\u00edn\ndekan\u00e1tu Var\u00edn<\/span>\r\n        \r\n                <\/h2>\r\n        \t\t<\/div>\n\t\t\t\t<\/div>\n\t\t\t\t\t<\/div>\n\t\t<\/div>\n\t\t\t\t\t\t\t<\/div>\n\t\t<\/section>\n\t\t\t\t<section class=\"elementor-section elementor-top-section elementor-element elementor-element-e6c01e6 elementor-section-boxed elementor-section-height-default elementor-section-height-default wpr-particle-no wpr-jarallax-no wpr-parallax-no wpr-sticky-section-no\" data-id=\"e6c01e6\" data-element_type=\"section\">\n\t\t\t\t\t\t<div class=\"elementor-container elementor-column-gap-default\">\n\t\t\t\t\t<div class=\"elementor-column elementor-col-25 elementor-top-column elementor-element elementor-element-44b9a21\" data-id=\"44b9a21\" data-element_type=\"column\">\n\t\t\t<div class=\"elementor-widget-wrap elementor-element-populated\">\n\t\t\t\t\t\t\t\t<div class=\"elementor-element elementor-element-fe7cfb4 elementor-widget elementor-widget-image\" data-id=\"fe7cfb4\" data-element_type=\"widget\" data-widget_type=\"image.default\">\n\t\t\t\t<div class=\"elementor-widget-container\">\n\t\t\t<style>\/*! elementor - v3.16.0 - 14-09-2023 *\/\n.elementor-widget-image{text-align:center}.elementor-widget-image a{display:inline-block}.elementor-widget-image a img[src$=\".svg\"]{width:48px}.elementor-widget-image img{vertical-align:middle;display:inline-block}<\/style>\t\t\t\t\t\t\t\t\t\t\t\t<img loading=\"lazy\" decoding=\"async\" width=\"761\" height=\"1024\" src=\"https:\/\/others.ucimesaweby.sk\/varinfara\/wp-content\/uploads\/2023\/09\/farnost-Varin-logo-761x1024.png\" class=\"attachment-large size-large wp-image-165\" alt=\"\" srcset=\"https:\/\/others.ucimesaweby.sk\/varinfara\/wp-content\/uploads\/2023\/09\/farnost-Varin-logo-761x1024.png 761w, https:\/\/others.ucimesaweby.sk\/varinfara\/wp-content\/uploads\/2023\/09\/farnost-Varin-logo-223x300.png 223w, https:\/\/others.ucimesaweby.sk\/varinfara\/wp-content\/uploads\/2023\/09\/farnost-Varin-logo-768x1033.png 768w, https:\/\/others.ucimesaweby.sk\/varinfara\/wp-content\/uploads\/2023\/09\/farnost-Varin-logo-1142x1536.png 1142w, https:\/\/others.ucimesaweby.sk\/varinfara\/wp-content\/uploads\/2023\/09\/farnost-Varin-logo.png 1200w\" sizes=\"auto, (max-width: 761px) 100vw, 761px\" \/>\t\t\t\t\t\t\t\t\t\t\t\t\t\t\t<\/div>\n\t\t\t\t<\/div>\n\t\t\t\t\t<\/div>\n\t\t<\/div>\n\t\t\t\t<div class=\"elementor-column elementor-col-50 elementor-top-column elementor-element elementor-element-c07a377\" data-id=\"c07a377\" data-element_type=\"column\">\n\t\t\t<div class=\"elementor-widget-wrap elementor-element-populated\">\n\t\t\t\t\t\t\t\t<div class=\"elementor-element elementor-element-79a1010 elementor-widget__width-initial elementor-widget elementor-widget-text-editor\" data-id=\"79a1010\" data-element_type=\"widget\" data-widget_type=\"text-editor.default\">\n\t\t\t\t<div class=\"elementor-widget-container\">\n\t\t\t<style>\/*! elementor - v3.16.0 - 14-09-2023 *\/\n.elementor-widget-text-editor.elementor-drop-cap-view-stacked .elementor-drop-cap{background-color:#69727d;color:#fff}.elementor-widget-text-editor.elementor-drop-cap-view-framed .elementor-drop-cap{color:#69727d;border:3px solid;background-color:transparent}.elementor-widget-text-editor:not(.elementor-drop-cap-view-default) .elementor-drop-cap{margin-top:8px}.elementor-widget-text-editor:not(.elementor-drop-cap-view-default) .elementor-drop-cap-letter{width:1em;height:1em}.elementor-widget-text-editor .elementor-drop-cap{float:left;text-align:center;line-height:1;font-size:50px}.elementor-widget-text-editor .elementor-drop-cap-letter{display:inline-block}<\/style>\t\t\t\t<p>Var\u00ednska fara bola zalo\u017een\u00e1 okolo roku 1200, je jedna z najstar\u0161\u00edch v\u00f4bec. P\u00f4vodn\u00fd kostol bol dreven\u00fd, kde p\u00f4vodn\u00e1 kaplnka bola zasv\u00e4ten\u00e1 sv\u00e4t\u00e9mu kr\u00ed\u017eu, v r.1180. Prv\u00fdm p\u00edsomn\u00fdm dokladom o obci je dona\u010dn\u00e1 listina kr\u00e1\u013ea Ondreja II. z roku 1223. Obec Var\u00edn je vstupnou br\u00e1nou do N\u00e1rodn\u00e9ho parku Mal\u00e1 Fatra a jeho kriv\u00e1nskej \u010dasti. V s\u00fa\u010dasnosti je farnos\u0165 za\u010dlenen\u00e1 do novovzniknutej \u017dilinskej diec\u00e9zy a patr\u00ed do dekan\u00e1tu Var\u00edn.<\/p><p>Pod R\u00edmskokatol\u00edcku cirkev Farnos\u0165 Var\u00edn patria fili\u00e1lky: Kras\u0148any a Nezbudsk\u00e1 L\u00fa\u010dka. Farnos\u0165 Var\u00edn m\u00e1 farsk\u00fd Kostol Najsv\u00e4tej\u0161ej Trojice z roku 1233, v ktorom bol pokrsten\u00fd Juraj J\u00e1no\u0161\u00edk. V Kras\u0148anoch je Kaplnka V\u0161etk\u00fdch sv\u00e4t\u00fdch a v Nezbudskej L\u00fa\u010dke Dom n\u00e1deje. Vo Var\u00edne s\u00fa Kaplnka sv. Kr\u00ed\u017ea z roku 1200 a Kaplnka sv. Flori\u00e1na z roku 1750, v Nebudskej L\u00fa\u010dke Kaplnka sv. Barbory a sv. J\u00e1na Nepomuck\u00e9ho.<\/p><p>Zna\u010dn\u00fd vplyv n\u00e1bo\u017eenstva na duchovn\u00fd i v\u0161edn\u00fd \u017eivot v obci m\u00f4\u017eme pozorova\u0165 v samotnom vyobrazen\u00ed erbu obce Var\u00edn, kde na striebornom tr\u00f3ne sed\u00ed zlatovlas\u00e1, zlatom korunovan\u00e1 Panna M\u00e1ria v \u010dervenom r\u00fachu a zlatom pl\u00e1\u0161ti, v\u013eavo pred sebou dr\u017e\u00ed zlatovlas\u00e9ho Je\u017ei\u0161ka.<\/p>\t\t\t\t\t\t<\/div>\n\t\t\t\t<\/div>\n\t\t\t\t\t<\/div>\n\t\t<\/div>\n\t\t\t\t<div class=\"elementor-column elementor-col-25 elementor-top-column elementor-element elementor-element-87844c0\" data-id=\"87844c0\" data-element_type=\"column\">\n\t\t\t<div class=\"elementor-widget-wrap elementor-element-populated\">\n\t\t\t\t\t\t\t\t<div class=\"elementor-element elementor-element-916fa8c elementor-widget elementor-widget-image\" data-id=\"916fa8c\" data-element_type=\"widget\" data-widget_type=\"image.default\">\n\t\t\t\t<div class=\"elementor-widget-container\">\n\t\t\t\t\t\t\t\t\t\t\t\t\t\t\t<img loading=\"lazy\" decoding=\"async\" width=\"391\" height=\"450\" src=\"https:\/\/others.ucimesaweby.sk\/varinfara\/wp-content\/uploads\/2023\/09\/obec_varin_logo.png\" class=\"attachment-large size-large wp-image-218\" alt=\"\" srcset=\"https:\/\/others.ucimesaweby.sk\/varinfara\/wp-content\/uploads\/2023\/09\/obec_varin_logo.png 391w, https:\/\/others.ucimesaweby.sk\/varinfara\/wp-content\/uploads\/2023\/09\/obec_varin_logo-261x300.png 261w\" sizes=\"auto, (max-width: 391px) 100vw, 391px\" \/>\t\t\t\t\t\t\t\t\t\t\t\t\t\t\t<\/div>\n\t\t\t\t<\/div>\n\t\t\t\t\t<\/div>\n\t\t<\/div>\n\t\t\t\t\t\t\t<\/div>\n\t\t<\/section>\n\t\t\t\t<section class=\"elementor-section elementor-top-section elementor-element elementor-element-7f7c14a1 elementor-section-boxed elementor-section-height-default elementor-section-height-default wpr-particle-no wpr-jarallax-no wpr-parallax-no wpr-sticky-section-no\" data-id=\"7f7c14a1\" data-element_type=\"section\" data-settings=\"{&quot;background_background&quot;:&quot;classic&quot;}\">\n\t\t\t\t\t\t<div class=\"elementor-container elementor-column-gap-default\">\n\t\t\t\t\t<div class=\"elementor-column elementor-col-100 elementor-top-column elementor-element elementor-element-3ac5bff1\" data-id=\"3ac5bff1\" data-element_type=\"column\">\n\t\t\t<div class=\"elementor-widget-wrap elementor-element-populated\">\n\t\t\t\t\t\t\t\t<section class=\"elementor-section elementor-inner-section elementor-element elementor-element-1df4d428 elementor-section-boxed elementor-section-height-default elementor-section-height-default wpr-particle-no wpr-jarallax-no wpr-parallax-no wpr-sticky-section-no\" data-id=\"1df4d428\" data-element_type=\"section\">\n\t\t\t\t\t\t<div class=\"elementor-container elementor-column-gap-default\">\n\t\t\t\t\t<div class=\"elementor-column elementor-col-33 elementor-inner-column elementor-element elementor-element-0c479c5\" data-id=\"0c479c5\" data-element_type=\"column\">\n\t\t\t<div class=\"elementor-widget-wrap elementor-element-populated\">\n\t\t\t\t\t\t\t\t<div class=\"elementor-element elementor-element-f26a57e elementor-widget elementor-widget-counter\" data-id=\"f26a57e\" data-element_type=\"widget\" data-widget_type=\"counter.default\">\n\t\t\t\t<div class=\"elementor-widget-container\">\n\t\t\t<style>\/*! elementor - v3.16.0 - 14-09-2023 *\/\n.elementor-counter .elementor-counter-number-wrapper{display:flex;font-size:69px;font-weight:600;line-height:1}.elementor-counter .elementor-counter-number-prefix,.elementor-counter .elementor-counter-number-suffix{flex-grow:1;white-space:pre-wrap}.elementor-counter .elementor-counter-number-prefix{text-align:right}.elementor-counter .elementor-counter-number-suffix{text-align:left}.elementor-counter .elementor-counter-title{text-align:center;font-size:19px;font-weight:400;line-height:2.5}<\/style>\t\t<div class=\"elementor-counter\">\n\t\t\t<div class=\"elementor-counter-number-wrapper\">\n\t\t\t\t<span class=\"elementor-counter-number-prefix\"><\/span>\n\t\t\t\t<span class=\"elementor-counter-number\" data-duration=\"1500\" data-to-value=\"1200\" data-from-value=\"\"><\/span>\n\t\t\t\t<span class=\"elementor-counter-number-suffix\"><\/span>\n\t\t\t<\/div>\n\t\t\t\t\t\t\t<div class=\"elementor-counter-title\">Kaplnka sv. Kr\u00ed\u017ea<\/div>\n\t\t\t\t\t<\/div>\n\t\t\t\t<\/div>\n\t\t\t\t<\/div>\n\t\t\t\t\t<\/div>\n\t\t<\/div>\n\t\t\t\t<div class=\"elementor-column elementor-col-33 elementor-inner-column elementor-element elementor-element-5a3bf4ea\" data-id=\"5a3bf4ea\" data-element_type=\"column\">\n\t\t\t<div class=\"elementor-widget-wrap elementor-element-populated\">\n\t\t\t\t\t\t\t\t<div class=\"elementor-element elementor-element-6ce30bd6 elementor-widget elementor-widget-counter\" data-id=\"6ce30bd6\" data-element_type=\"widget\" data-widget_type=\"counter.default\">\n\t\t\t\t<div class=\"elementor-widget-container\">\n\t\t\t\t\t<div class=\"elementor-counter\">\n\t\t\t<div class=\"elementor-counter-number-wrapper\">\n\t\t\t\t<span class=\"elementor-counter-number-prefix\"><\/span>\n\t\t\t\t<span class=\"elementor-counter-number\" data-duration=\"1500\" data-to-value=\"1233\" data-from-value=\"\"><\/span>\n\t\t\t\t<span class=\"elementor-counter-number-suffix\"><\/span>\n\t\t\t<\/div>\n\t\t\t\t\t\t\t<div class=\"elementor-counter-title\">Kostol Najsv\u00e4tej\u0161ej Trojice<\/div>\n\t\t\t\t\t<\/div>\n\t\t\t\t<\/div>\n\t\t\t\t<\/div>\n\t\t\t\t\t<\/div>\n\t\t<\/div>\n\t\t\t\t<div class=\"elementor-column elementor-col-33 elementor-inner-column elementor-element elementor-element-392c83c\" data-id=\"392c83c\" data-element_type=\"column\">\n\t\t\t<div class=\"elementor-widget-wrap elementor-element-populated\">\n\t\t\t\t\t\t\t\t<div class=\"elementor-element elementor-element-3a2c3f0 elementor-widget elementor-widget-counter\" data-id=\"3a2c3f0\" data-element_type=\"widget\" data-widget_type=\"counter.default\">\n\t\t\t\t<div class=\"elementor-widget-container\">\n\t\t\t\t\t<div class=\"elementor-counter\">\n\t\t\t<div class=\"elementor-counter-number-wrapper\">\n\t\t\t\t<span class=\"elementor-counter-number-prefix\"><\/span>\n\t\t\t\t<span class=\"elementor-counter-number\" data-duration=\"1500\" data-to-value=\"1750\" data-from-value=\"\"><\/span>\n\t\t\t\t<span class=\"elementor-counter-number-suffix\"><\/span>\n\t\t\t<\/div>\n\t\t\t\t\t\t\t<div class=\"elementor-counter-title\">Kaplnka sv. Flori\u00e1na<\/div>\n\t\t\t\t\t<\/div>\n\t\t\t\t<\/div>\n\t\t\t\t<\/div>\n\t\t\t\t\t<\/div>\n\t\t<\/div>\n\t\t\t\t\t\t\t<\/div>\n\t\t<\/section>\n\t\t\t\t\t<\/div>\n\t\t<\/div>\n\t\t\t\t\t\t\t<\/div>\n\t\t<\/section>\n\t\t\t\t\t\t\t<\/div>\n\t\t","protected":false},"excerpt":{"rendered":"<p>Vitajte na webe farnost\u00ed Var\u00edn dekan\u00e1tu Var\u00edn Var\u00ednska fara bola zalo\u017een\u00e1 okolo roku 1200, je jedna z najstar\u0161\u00edch v\u00f4bec. P\u00f4vodn\u00fd kostol bol dreven\u00fd, kde p\u00f4vodn\u00e1 kaplnka bola zasv\u00e4ten\u00e1 sv\u00e4t\u00e9mu kr\u00ed\u017eu, v r.1180. Prv\u00fdm p\u00edsomn\u00fdm dokladom o obci je dona\u010dn\u00e1 listina kr\u00e1\u013ea Ondreja II. z roku 1223. Obec Var\u00edn je vstupnou br\u00e1nou do N\u00e1rodn\u00e9ho parku Mal\u00e1&hellip;<\/p>\n","protected":false},"author":1,"featured_media":180,"parent":0,"menu_order":0,"comment_status":"closed","ping_status":"closed","template":"","meta":{"footnotes":""},"folder":[],"class_list":["post-31","page","type-page","status-publish","has-post-thumbnail","hentry"],"aioseo_notices":[],"_links":{"self":[{"href":"https:\/\/others.ucimesaweby.sk\/varinfara\/wp-json\/wp\/v2\/pages\/31","targetHints":{"allow":["GET"]}}],"collection":[{"href":"https:\/\/others.ucimesaweby.sk\/varinfara\/wp-json\/wp\/v2\/pages"}],"about":[{"href":"https:\/\/others.ucimesaweby.sk\/varinfara\/wp-json\/wp\/v2\/types\/page"}],"author":[{"embeddable":true,"href":"https:\/\/others.ucimesaweby.sk\/varinfara\/wp-json\/wp\/v2\/users\/1"}],"replies":[{"embeddable":true,"href":"https:\/\/others.ucimesaweby.sk\/varinfara\/wp-json\/wp\/v2\/comments?post=31"}],"version-history":[{"count":34,"href":"https:\/\/others.ucimesaweby.sk\/varinfara\/wp-json\/wp\/v2\/pages\/31\/revisions"}],"predecessor-version":[{"id":353,"href":"https:\/\/others.ucimesaweby.sk\/varinfara\/wp-json\/wp\/v2\/pages\/31\/revisions\/353"}],"wp:featuredmedia":[{"embeddable":true,"href":"https:\/\/others.ucimesaweby.sk\/varinfara\/wp-json\/wp\/v2\/media\/180"}],"wp:attachment":[{"href":"https:\/\/others.ucimesaweby.sk\/varinfara\/wp-json\/wp\/v2\/media?parent=31"}],"wp:term":[{"taxonomy":"folder","embeddable":true,"href":"https:\/\/others.ucimesaweby.sk\/varinfara\/wp-json\/wp\/v2\/folder?post=31"}],"curies":[{"name":"wp","href":"https:\/\/api.w.org\/{rel}","templated":true}]}}