{"id":306,"date":"2023-09-15T11:38:49","date_gmt":"2023-09-15T09:38:49","guid":{"rendered":"https:\/\/others.ucimesaweby.sk\/varinfara\/?page_id=306"},"modified":"2023-09-15T11:49:06","modified_gmt":"2023-09-15T09:49:06","slug":"mapa-stranok","status":"publish","type":"page","link":"https:\/\/others.ucimesaweby.sk\/varinfara\/kontakt\/mapa-stranok\/","title":{"rendered":"Mapa str\u00e1nok"},"content":{"rendered":"<div id=\"simple-sitemap-container-69ed26e3959d9\" class=\"simple-sitemap-container simple-sitemap-container-69ed26e3959d9 tab-disabled\"><div class=\"simple-sitemap-wrap\"><h3 class=\"post-type\">Str\u00e1nky<\/h3><ul class=\"simple-sitemap-page main\"><li class=\"sitemap-item page_item page-item-520\"><a href=\"https:\/\/others.ucimesaweby.sk\/varinfara\/dekanat-varin\/\">Dekan\u00e1t Var\u00edn<\/a><\/li>\n<li class=\"sitemap-item page_item page-item-31\"><a href=\"https:\/\/others.ucimesaweby.sk\/varinfara\/\">Domov<\/a><\/li>\n<li class=\"sitemap-item page_item page-item-514 page_item_has_children\"><a href=\"https:\/\/others.ucimesaweby.sk\/varinfara\/farnost-varin\/\">Farnos\u0165 Var\u00edn<\/a>\n<ul class='children'>\n\t<li class=\"sitemap-item page_item page-item-428\"><a href=\"https:\/\/others.ucimesaweby.sk\/varinfara\/farnost-varin\/farska-kronika\/\">Farsk\u00e1 kronika<\/a><\/li>\n\t<li class=\"sitemap-item page_item page-item-426\"><a href=\"https:\/\/others.ucimesaweby.sk\/varinfara\/farnost-varin\/svate-omse-vo-farnosti\/\">Sv\u00e4t\u00e9 om\u0161e vo farnosti<\/a><\/li>\n<\/ul>\n<\/li>\n<li class=\"sitemap-item page_item page-item-72 page_item_has_children\"><a href=\"https:\/\/others.ucimesaweby.sk\/varinfara\/kontakt\/\">Kontakt<\/a>\n<ul class='children'>\n\t<li class=\"sitemap-item page_item page-item-306\"><a href=\"https:\/\/others.ucimesaweby.sk\/varinfara\/kontakt\/mapa-stranok\/\">Mapa str\u00e1nok<\/a><\/li>\n<\/ul>\n<\/li>\n<li class=\"sitemap-item page_item page-item-524\"><a href=\"https:\/\/others.ucimesaweby.sk\/varinfara\/aplikacia-krok-2022\/\">Krok 2022<\/a><\/li>\n<li class=\"sitemap-item page_item page-item-496\"><a href=\"https:\/\/others.ucimesaweby.sk\/varinfara\/oznamy\/\">Oznamy<\/a><\/li>\n<li class=\"sitemap-item page_item page-item-58 page_item_has_children\"><a href=\"https:\/\/others.ucimesaweby.sk\/varinfara\/uzitocne\/\">U\u017eito\u010dn\u00e9 odkazy<\/a>\n<ul class='children'>\n\t<li class=\"sitemap-item page_item page-item-360\"><a href=\"https:\/\/others.ucimesaweby.sk\/varinfara\/uzitocne\/sviatosti\/\">Sviatosti<\/a><\/li>\n<\/ul>\n<\/li>\n<\/ul><\/div><\/div><br style=\"clear: both;\">\n","protected":false},"excerpt":{"rendered":"","protected":false},"author":1,"featured_media":200,"parent":72,"menu_order":0,"comment_status":"closed","ping_status":"closed","template":"","meta":{"footnotes":""},"folder":[],"class_list":["post-306","page","type-page","status-publish","has-post-thumbnail","hentry"],"aioseo_notices":[],"_links":{"self":[{"href":"https:\/\/others.ucimesaweby.sk\/varinfara\/wp-json\/wp\/v2\/pages\/306","targetHints":{"allow":["GET"]}}],"collection":[{"href":"https:\/\/others.ucimesaweby.sk\/varinfara\/wp-json\/wp\/v2\/pages"}],"about":[{"href":"https:\/\/others.ucimesaweby.sk\/varinfara\/wp-json\/wp\/v2\/types\/page"}],"author":[{"embeddable":true,"href":"https:\/\/others.ucimesaweby.sk\/varinfara\/wp-json\/wp\/v2\/users\/1"}],"replies":[{"embeddable":true,"href":"https:\/\/others.ucimesaweby.sk\/varinfara\/wp-json\/wp\/v2\/comments?post=306"}],"version-history":[{"count":3,"href":"https:\/\/others.ucimesaweby.sk\/varinfara\/wp-json\/wp\/v2\/pages\/306\/revisions"}],"predecessor-version":[{"id":313,"href":"https:\/\/others.ucimesaweby.sk\/varinfara\/wp-json\/wp\/v2\/pages\/306\/revisions\/313"}],"up":[{"embeddable":true,"href":"https:\/\/others.ucimesaweby.sk\/varinfara\/wp-json\/wp\/v2\/pages\/72"}],"wp:featuredmedia":[{"embeddable":true,"href":"https:\/\/others.ucimesaweby.sk\/varinfara\/wp-json\/wp\/v2\/media\/200"}],"wp:attachment":[{"href":"https:\/\/others.ucimesaweby.sk\/varinfara\/wp-json\/wp\/v2\/media?parent=306"}],"wp:term":[{"taxonomy":"folder","embeddable":true,"href":"https:\/\/others.ucimesaweby.sk\/varinfara\/wp-json\/wp\/v2\/folder?post=306"}],"curies":[{"name":"wp","href":"https:\/\/api.w.org\/{rel}","templated":true}]}}