{"id":630,"date":"2023-02-16T12:49:05","date_gmt":"2023-02-16T11:49:05","guid":{"rendered":"https:\/\/others.ucimesaweby.sk\/pedax\/?page_id=630"},"modified":"2023-02-19T19:32:10","modified_gmt":"2023-02-19T18:32:10","slug":"workshopy","status":"publish","type":"page","link":"https:\/\/others.ucimesaweby.sk\/pedax\/vystupy-projektu\/workshopy\/","title":{"rendered":"Workshopy"},"content":{"rendered":"\t\t<div data-elementor-type=\"wp-page\" data-elementor-id=\"630\" class=\"elementor elementor-630\">\n\t\t\t\t\t\t\t\t\t<section class=\"elementor-section elementor-top-section elementor-element elementor-element-2b9f098 elementor-section-full_width elementor-section-height-default elementor-section-height-default\" data-id=\"2b9f098\" data-element_type=\"section\">\n\t\t\t\t\t\t<div class=\"elementor-container elementor-column-gap-default\">\n\t\t\t\t\t<div class=\"elementor-column elementor-col-100 elementor-top-column elementor-element elementor-element-274d502\" data-id=\"274d502\" data-element_type=\"column\">\n\t\t\t<div class=\"elementor-widget-wrap elementor-element-populated\">\n\t\t\t\t\t\t\t\t<div class=\"elementor-element elementor-element-6310b4d elementor-widget elementor-widget-shortcode\" data-id=\"6310b4d\" data-element_type=\"widget\" data-widget_type=\"shortcode.default\">\n\t\t\t\t<div class=\"elementor-widget-container\">\n\t\t\t\t\t<div class=\"elementor-shortcode\">\t\t<div data-elementor-type=\"section\" data-elementor-id=\"287\" class=\"elementor elementor-287\">\n\t\t\t\t\t\t\t\t\t<section class=\"elementor-section elementor-top-section elementor-element elementor-element-b2dc12a elementor-section-boxed elementor-section-height-default elementor-section-height-default\" data-id=\"b2dc12a\" data-element_type=\"section\">\n\t\t\t\t\t\t<div class=\"elementor-container elementor-column-gap-default\">\n\t\t\t\t\t<div class=\"elementor-column elementor-col-25 elementor-top-column elementor-element elementor-element-d9bc0dd\" data-id=\"d9bc0dd\" data-element_type=\"column\">\n\t\t\t<div class=\"elementor-widget-wrap elementor-element-populated\">\n\t\t\t\t\t\t\t\t<div class=\"elementor-element elementor-element-84b5f09 elementor-widget elementor-widget-image\" data-id=\"84b5f09\" data-element_type=\"widget\" data-widget_type=\"image.default\">\n\t\t\t\t<div class=\"elementor-widget-container\">\n\t\t\t<style>\/*! elementor - v3.11.1 - 15-02-2023 *\/\n.elementor-widget-image{text-align:center}.elementor-widget-image a{display:inline-block}.elementor-widget-image a img[src$=\".svg\"]{width:48px}.elementor-widget-image img{vertical-align:middle;display:inline-block}<\/style>\t\t\t\t\t\t\t\t\t\t\t\t\t<a href=\"https:\/\/www.minedu.sk\/\">\n\t\t\t\t\t\t\t<img loading=\"lazy\" decoding=\"async\" width=\"1024\" height=\"323\" src=\"https:\/\/others.ucimesaweby.sk\/pedax\/wp-content\/uploads\/2022\/05\/logo-minedu-sk-1024x323.png\" class=\"attachment-large size-large wp-image-244\" alt=\"\" srcset=\"https:\/\/others.ucimesaweby.sk\/pedax\/wp-content\/uploads\/2022\/05\/logo-minedu-sk-1024x323.png 1024w, https:\/\/others.ucimesaweby.sk\/pedax\/wp-content\/uploads\/2022\/05\/logo-minedu-sk-300x95.png 300w, https:\/\/others.ucimesaweby.sk\/pedax\/wp-content\/uploads\/2022\/05\/logo-minedu-sk-768x242.png 768w, https:\/\/others.ucimesaweby.sk\/pedax\/wp-content\/uploads\/2022\/05\/logo-minedu-sk-1536x484.png 1536w, https:\/\/others.ucimesaweby.sk\/pedax\/wp-content\/uploads\/2022\/05\/logo-minedu-sk.png 1920w\" sizes=\"auto, (max-width: 1024px) 100vw, 1024px\" \/>\t\t\t\t\t\t\t\t<\/a>\n\t\t\t\t\t\t\t\t\t\t\t\t\t\t\t<\/div>\n\t\t\t\t<\/div>\n\t\t\t\t\t<\/div>\n\t\t<\/div>\n\t\t\t\t<div class=\"elementor-column elementor-col-25 elementor-top-column elementor-element elementor-element-93a46df\" data-id=\"93a46df\" data-element_type=\"column\">\n\t\t\t<div class=\"elementor-widget-wrap elementor-element-populated\">\n\t\t\t\t\t\t\t\t<div class=\"elementor-element elementor-element-d248059 elementor-widget elementor-widget-image\" data-id=\"d248059\" data-element_type=\"widget\" data-widget_type=\"image.default\">\n\t\t\t\t<div class=\"elementor-widget-container\">\n\t\t\t\t\t\t\t\t\t\t\t\t\t\t\t\t<a href=\"https:\/\/ec.europa.eu\/esf\/home.jsp?langId=sk\">\n\t\t\t\t\t\t\t<img loading=\"lazy\" decoding=\"async\" width=\"1024\" height=\"218\" src=\"https:\/\/others.ucimesaweby.sk\/pedax\/wp-content\/uploads\/2022\/05\/eu_socialny_fond-1024x218.png\" class=\"attachment-large size-large wp-image-241\" alt=\"\" srcset=\"https:\/\/others.ucimesaweby.sk\/pedax\/wp-content\/uploads\/2022\/05\/eu_socialny_fond-1024x218.png 1024w, https:\/\/others.ucimesaweby.sk\/pedax\/wp-content\/uploads\/2022\/05\/eu_socialny_fond-300x64.png 300w, https:\/\/others.ucimesaweby.sk\/pedax\/wp-content\/uploads\/2022\/05\/eu_socialny_fond-768x164.png 768w, https:\/\/others.ucimesaweby.sk\/pedax\/wp-content\/uploads\/2022\/05\/eu_socialny_fond-1536x327.png 1536w, https:\/\/others.ucimesaweby.sk\/pedax\/wp-content\/uploads\/2022\/05\/eu_socialny_fond.png 1750w\" sizes=\"auto, (max-width: 1024px) 100vw, 1024px\" \/>\t\t\t\t\t\t\t\t<\/a>\n\t\t\t\t\t\t\t\t\t\t\t\t\t\t\t<\/div>\n\t\t\t\t<\/div>\n\t\t\t\t\t<\/div>\n\t\t<\/div>\n\t\t\t\t<div class=\"elementor-column elementor-col-25 elementor-top-column elementor-element elementor-element-e231775\" data-id=\"e231775\" data-element_type=\"column\">\n\t\t\t<div class=\"elementor-widget-wrap elementor-element-populated\">\n\t\t\t\t\t\t\t\t<div class=\"elementor-element elementor-element-07027ea elementor-widget elementor-widget-image\" data-id=\"07027ea\" data-element_type=\"widget\" data-widget_type=\"image.default\">\n\t\t\t\t<div class=\"elementor-widget-container\">\n\t\t\t\t\t\t\t\t\t\t\t\t\t\t\t\t<a href=\"https:\/\/www.ludskezdroje.gov.sk\/\">\n\t\t\t\t\t\t\t<img loading=\"lazy\" decoding=\"async\" width=\"1024\" height=\"211\" src=\"https:\/\/others.ucimesaweby.sk\/pedax\/wp-content\/uploads\/2022\/05\/ludskezdroje-1024x211.png\" class=\"attachment-large size-large wp-image-245\" alt=\"\" srcset=\"https:\/\/others.ucimesaweby.sk\/pedax\/wp-content\/uploads\/2022\/05\/ludskezdroje-1024x211.png 1024w, https:\/\/others.ucimesaweby.sk\/pedax\/wp-content\/uploads\/2022\/05\/ludskezdroje-300x62.png 300w, https:\/\/others.ucimesaweby.sk\/pedax\/wp-content\/uploads\/2022\/05\/ludskezdroje-768x158.png 768w, https:\/\/others.ucimesaweby.sk\/pedax\/wp-content\/uploads\/2022\/05\/ludskezdroje-1536x316.png 1536w, https:\/\/others.ucimesaweby.sk\/pedax\/wp-content\/uploads\/2022\/05\/ludskezdroje-2048x421.png 2048w\" sizes=\"auto, (max-width: 1024px) 100vw, 1024px\" \/>\t\t\t\t\t\t\t\t<\/a>\n\t\t\t\t\t\t\t\t\t\t\t\t\t\t\t<\/div>\n\t\t\t\t<\/div>\n\t\t\t\t\t<\/div>\n\t\t<\/div>\n\t\t\t\t<div class=\"elementor-column elementor-col-25 elementor-top-column elementor-element elementor-element-f9f66d1\" data-id=\"f9f66d1\" data-element_type=\"column\">\n\t\t\t<div class=\"elementor-widget-wrap elementor-element-populated\">\n\t\t\t\t\t\t\t\t<div class=\"elementor-element elementor-element-c087e5e elementor-widget elementor-widget-image\" data-id=\"c087e5e\" data-element_type=\"widget\" data-widget_type=\"image.default\">\n\t\t\t\t<div class=\"elementor-widget-container\">\n\t\t\t\t\t\t\t\t\t\t\t\t\t\t\t\t<a href=\"https:\/\/fhv.uniza.sk\/web\/\">\n\t\t\t\t\t\t\t<img loading=\"lazy\" decoding=\"async\" width=\"1024\" height=\"215\" src=\"https:\/\/others.ucimesaweby.sk\/pedax\/wp-content\/uploads\/2022\/05\/FHV_H_S_sk_f-1024x215.png\" class=\"attachment-large size-large wp-image-249\" alt=\"\" srcset=\"https:\/\/others.ucimesaweby.sk\/pedax\/wp-content\/uploads\/2022\/05\/FHV_H_S_sk_f-1024x215.png 1024w, https:\/\/others.ucimesaweby.sk\/pedax\/wp-content\/uploads\/2022\/05\/FHV_H_S_sk_f-300x63.png 300w, https:\/\/others.ucimesaweby.sk\/pedax\/wp-content\/uploads\/2022\/05\/FHV_H_S_sk_f-768x161.png 768w, https:\/\/others.ucimesaweby.sk\/pedax\/wp-content\/uploads\/2022\/05\/FHV_H_S_sk_f-1536x322.png 1536w, https:\/\/others.ucimesaweby.sk\/pedax\/wp-content\/uploads\/2022\/05\/FHV_H_S_sk_f-2048x429.png 2048w\" sizes=\"auto, (max-width: 1024px) 100vw, 1024px\" \/>\t\t\t\t\t\t\t\t<\/a>\n\t\t\t\t\t\t\t\t\t\t\t\t\t\t\t<\/div>\n\t\t\t\t<\/div>\n\t\t\t\t\t<\/div>\n\t\t<\/div>\n\t\t\t\t\t\t\t<\/div>\n\t\t<\/section>\n\t\t\t\t\t\t\t<\/div>\n\t\t<\/div>\n\t\t\t\t<\/div>\n\t\t\t\t<\/div>\n\t\t\t\t\t<\/div>\n\t\t<\/div>\n\t\t\t\t\t\t\t<\/div>\n\t\t<\/section>\n\t\t\t\t<section class=\"elementor-section elementor-top-section elementor-element elementor-element-1a1d248 elementor-section-height-min-height elementor-section-content-middle elementor-section-stretched elementor-section-boxed elementor-section-height-default elementor-section-items-middle\" data-id=\"1a1d248\" data-element_type=\"section\" data-settings=\"{&quot;background_background&quot;:&quot;classic&quot;,&quot;shape_divider_bottom&quot;:&quot;triangle-asymmetrical&quot;,&quot;stretch_section&quot;:&quot;section-stretched&quot;}\">\n\t\t\t\t\t\t\t<div class=\"elementor-background-overlay\"><\/div>\n\t\t\t\t\t\t<div class=\"elementor-shape elementor-shape-bottom\" data-negative=\"false\">\n\t\t\t<svg xmlns=\"http:\/\/www.w3.org\/2000\/svg\" viewBox=\"0 0 1000 100\" preserveAspectRatio=\"none\">\n\t<path class=\"elementor-shape-fill\" d=\"M738,99l262-93V0H0v5.6L738,99z\"\/>\n<\/svg>\t\t<\/div>\n\t\t\t\t\t<div class=\"elementor-container elementor-column-gap-default\">\n\t\t\t\t\t<div class=\"elementor-column elementor-col-100 elementor-top-column elementor-element elementor-element-c79253c\" data-id=\"c79253c\" data-element_type=\"column\">\n\t\t\t<div class=\"elementor-widget-wrap\">\n\t\t\t\t\t\t\t\t\t<\/div>\n\t\t<\/div>\n\t\t\t\t\t\t\t<\/div>\n\t\t<\/section>\n\t\t\t\t<section class=\"elementor-section elementor-top-section elementor-element elementor-element-7b45655 elementor-section-boxed elementor-section-height-default elementor-section-height-default\" data-id=\"7b45655\" data-element_type=\"section\">\n\t\t\t\t\t\t<div class=\"elementor-container elementor-column-gap-default\">\n\t\t\t\t\t<div class=\"elementor-column elementor-col-100 elementor-top-column elementor-element elementor-element-3b76738\" data-id=\"3b76738\" data-element_type=\"column\">\n\t\t\t<div class=\"elementor-widget-wrap elementor-element-populated\">\n\t\t\t\t\t\t\t\t<div class=\"elementor-element elementor-element-ce851c1 elementor-widget elementor-widget-futurio-extra-posts\" data-id=\"ce851c1\" data-element_type=\"widget\" data-widget_type=\"futurio-extra-posts.default\">\n\t\t\t\t<div class=\"elementor-widget-container\">\n\t\t\t\n\t\t<div class=\"f-posts-shortcode\">\n\t\t\t<div class=\"latest-news-wrapper\">\n\t\t\t\t\t\t\t<article id=\"post-755\" class=\"news-item text-center col-md-4 post-755 post type-post status-publish format-standard has-post-thumbnail hentry category-aktuality category-workshopy\">\n\t\t\t\t\t<div class=\"entry-thumb\">\n\t\t\t\t\t\t\t\t\t<div class=\"news-thumb \">\n\t\t\t\t<a href=\"https:\/\/others.ucimesaweby.sk\/pedax\/2023\/10\/17\/uskutocnil-sa-workshop-projektu-pedax\/\" title=\"Uskuto\u010dnil sa WORKSHOP projektu PEDAX\">\n\t\t\t\t\t<img loading=\"lazy\" decoding=\"async\" width=\"720\" height=\"405\" src=\"https:\/\/others.ucimesaweby.sk\/pedax\/wp-content\/uploads\/2023\/10\/Pedax-Workshop-16.10-9-720x405.jpg\" class=\"attachment-futurio-med size-futurio-med wp-post-image\" alt=\"\" srcset=\"https:\/\/others.ucimesaweby.sk\/pedax\/wp-content\/uploads\/2023\/10\/Pedax-Workshop-16.10-9-720x405.jpg 720w, https:\/\/others.ucimesaweby.sk\/pedax\/wp-content\/uploads\/2023\/10\/Pedax-Workshop-16.10-9-1140x641.jpg 1140w\" sizes=\"auto, (max-width: 720px) 100vw, 720px\" \/>\t\t\t\t<\/a>\n\t\t\t<\/div><!-- .news-thumb -->\n\t\t\t\t\n\t\t\t\t\t<\/div>\t\t\t\t\t\t\n  \t\t\t\t<h4 class=\"entry-title\"><a href=\"https:\/\/others.ucimesaweby.sk\/pedax\/2023\/10\/17\/uskutocnil-sa-workshop-projektu-pedax\/\" rel=\"bookmark\">Uskuto\u010dnil sa WORKSHOP projektu PEDAX<\/a><\/h4>          <div class=\"f-line\"><\/div>\n\t\t\t\t\t<div class=\"post-excerpt\">\n\t\t\t\t\tD\u0148a 16. 10. 2023 sa aj za \u00fa\u010dasti \u0161tudentov 1. ro\u010dn\u00edka Bc. \u0161t\u00fadia uskuto\u010dnil WORKSHOP projektu PEDAX. Bud\u00facim pedagogick\u00fdm zamestnancom bol prostredn\u00edctvom rie\u0161ite\u013eov predstaven\u00fd projekt Pedagogick\u00e1 prax ako determinuj\u00faci faktor adapt\u00e1cie modern\u00e9ho u\u010dite\u013ea v kontexte&hellip;          <\/div>\n\t\t\t\t<\/article>\n\t\t\t\t\t\t\t<article id=\"post-557\" class=\"news-item text-center col-md-4 post-557 post type-post status-publish format-standard has-post-thumbnail hentry category-aktuality category-workshopy\">\n\t\t\t\t\t<div class=\"entry-thumb\">\n\t\t\t\t\t\t\t\t\t<div class=\"news-thumb \">\n\t\t\t\t<a href=\"https:\/\/others.ucimesaweby.sk\/pedax\/2022\/06\/03\/2-workshop-pedax\/\" title=\"2. workshop PEDAX\">\n\t\t\t\t\t<img loading=\"lazy\" decoding=\"async\" width=\"720\" height=\"405\" src=\"https:\/\/others.ucimesaweby.sk\/pedax\/wp-content\/uploads\/2022\/06\/20220531_110316-720x405.jpg\" class=\"attachment-futurio-med size-futurio-med wp-post-image\" alt=\"\" srcset=\"https:\/\/others.ucimesaweby.sk\/pedax\/wp-content\/uploads\/2022\/06\/20220531_110316-720x405.jpg 720w, https:\/\/others.ucimesaweby.sk\/pedax\/wp-content\/uploads\/2022\/06\/20220531_110316-1140x641.jpg 1140w\" sizes=\"auto, (max-width: 720px) 100vw, 720px\" \/>\t\t\t\t<\/a>\n\t\t\t<\/div><!-- .news-thumb -->\n\t\t\t\t\n\t\t\t\t\t<\/div>\t\t\t\t\t\t\n  \t\t\t\t<h4 class=\"entry-title\"><a href=\"https:\/\/others.ucimesaweby.sk\/pedax\/2022\/06\/03\/2-workshop-pedax\/\" rel=\"bookmark\">2. workshop PEDAX<\/a><\/h4>          <div class=\"f-line\"><\/div>\n\t\t\t\t\t<div class=\"post-excerpt\">\n\t\t\t\t\tD\u0148a 31. 5. 2022 sa uskuto\u010dnil 2. workshop projektu PEDAX.\u00a0 Rie\u0161itelia diskutovali o cenn\u00fdch a zauj\u00edmav\u00fdch inform\u00e1ci\u00e1ch, ktor\u00e9 jednotliv\u00ed rie\u0161itelia priniesli zo zahrani\u010dn\u00fdch slu\u017eobn\u00fdch ciest. Tieto zistenia a v\u00fdsledky sl\u00fa\u017eia aj ako podklad k vyhotoveniu&hellip;          <\/div>\n\t\t\t\t<\/article>\n\t\t\t\t\t\t\t<article id=\"post-473\" class=\"news-item text-center col-md-4 post-473 post type-post status-publish format-standard has-post-thumbnail hentry category-aktuality category-workshopy\">\n\t\t\t\t\t<div class=\"entry-thumb\">\n\t\t\t\t\t\t\t\t\t<div class=\"news-thumb \">\n\t\t\t\t<a href=\"https:\/\/others.ucimesaweby.sk\/pedax\/2022\/04\/04\/boli-stanovene-terminy-workshopu-a-konferencie-v-suvislosti-s-podaktivitou-2\/\" title=\"Boli stanoven\u00e9 term\u00edny workshopu a konferencie v s\u00favislosti s Podaktivitou 2\">\n\t\t\t\t\t<img loading=\"lazy\" decoding=\"async\" width=\"720\" height=\"405\" src=\"https:\/\/others.ucimesaweby.sk\/pedax\/wp-content\/uploads\/2022\/05\/PEDAX_IMG_-1-720x405.jpg\" class=\"attachment-futurio-med size-futurio-med wp-post-image\" alt=\"\" srcset=\"https:\/\/others.ucimesaweby.sk\/pedax\/wp-content\/uploads\/2022\/05\/PEDAX_IMG_-1-720x405.jpg 720w, https:\/\/others.ucimesaweby.sk\/pedax\/wp-content\/uploads\/2022\/05\/PEDAX_IMG_-1-1140x641.jpg 1140w\" sizes=\"auto, (max-width: 720px) 100vw, 720px\" \/>\t\t\t\t<\/a>\n\t\t\t<\/div><!-- .news-thumb -->\n\t\t\t\t\n\t\t\t\t\t<\/div>\t\t\t\t\t\t\n  \t\t\t\t<h4 class=\"entry-title\"><a href=\"https:\/\/others.ucimesaweby.sk\/pedax\/2022\/04\/04\/boli-stanovene-terminy-workshopu-a-konferencie-v-suvislosti-s-podaktivitou-2\/\" rel=\"bookmark\">Boli stanoven\u00e9 term\u00edny workshopu a konferencie v s\u00favislosti s Podaktivitou 2<\/a><\/h4>          <div class=\"f-line\"><\/div>\n\t\t\t\t\t<div class=\"post-excerpt\">\n\t\t\t\t\tWorkshop zameran\u00fd na zvy\u0161ovanie kvality pedagogick\u00fdch prax\u00ed na in\u0161titucion\u00e1lnej \u00farovni sa uskuto\u010dn\u00ed 31. 5. 2022 a medzin\u00e1rodn\u00e1 konferencia na t\u00e9mu Zmeny a v\u00fdzvy v oblasti zvy\u0161ovania kvality vzdel\u00e1vania bud\u00facich pedag\u00f3gov\u00a0 v eur\u00f3pskych krajin\u00e1ch sa bude&hellip;          <\/div>\n\t\t\t\t<\/article>\n\t\t\t\t\t\t<\/div>\n\t\t<\/div>\n\n\t\t\n\t\t\t\t<\/div>\n\t\t\t\t<\/div>\n\t\t\t\t\t<\/div>\n\t\t<\/div>\n\t\t\t\t\t\t\t<\/div>\n\t\t<\/section>\n\t\t\t\t\t\t\t<\/div>\n\t\t","protected":false},"excerpt":{"rendered":"<p>2. workshop PEDAX D\u0148a 31. 5. 2022 sa uskuto\u010dnil 2. workshop projektu PEDAX.\u00a0 Rie\u0161itelia diskutovali o cenn\u00fdch a zauj\u00edmav\u00fdch inform\u00e1ci\u00e1ch, ktor\u00e9 jednotliv\u00ed rie\u0161itelia priniesli zo zahrani\u010dn\u00fdch slu\u017eobn\u00fdch ciest. Tieto zistenia a v\u00fdsledky sl\u00fa\u017eia aj ako podklad k vyhotoveniu&hellip; Boli stanoven\u00e9 term\u00edny workshopu a konferencie v s\u00favislosti s Podaktivitou 2 Workshop zameran\u00fd na zvy\u0161ovanie kvality pedagogick\u00fdch&hellip;<\/p>\n","protected":false},"author":1,"featured_media":205,"parent":192,"menu_order":0,"comment_status":"closed","ping_status":"closed","template":"","meta":{"footnotes":""},"folder":[],"class_list":["post-630","page","type-page","status-publish","has-post-thumbnail","hentry"],"aioseo_notices":[],"_links":{"self":[{"href":"https:\/\/others.ucimesaweby.sk\/pedax\/wp-json\/wp\/v2\/pages\/630","targetHints":{"allow":["GET"]}}],"collection":[{"href":"https:\/\/others.ucimesaweby.sk\/pedax\/wp-json\/wp\/v2\/pages"}],"about":[{"href":"https:\/\/others.ucimesaweby.sk\/pedax\/wp-json\/wp\/v2\/types\/page"}],"author":[{"embeddable":true,"href":"https:\/\/others.ucimesaweby.sk\/pedax\/wp-json\/wp\/v2\/users\/1"}],"replies":[{"embeddable":true,"href":"https:\/\/others.ucimesaweby.sk\/pedax\/wp-json\/wp\/v2\/comments?post=630"}],"version-history":[{"count":10,"href":"https:\/\/others.ucimesaweby.sk\/pedax\/wp-json\/wp\/v2\/pages\/630\/revisions"}],"predecessor-version":[{"id":655,"href":"https:\/\/others.ucimesaweby.sk\/pedax\/wp-json\/wp\/v2\/pages\/630\/revisions\/655"}],"up":[{"embeddable":true,"href":"https:\/\/others.ucimesaweby.sk\/pedax\/wp-json\/wp\/v2\/pages\/192"}],"wp:featuredmedia":[{"embeddable":true,"href":"https:\/\/others.ucimesaweby.sk\/pedax\/wp-json\/wp\/v2\/media\/205"}],"wp:attachment":[{"href":"https:\/\/others.ucimesaweby.sk\/pedax\/wp-json\/wp\/v2\/media?parent=630"}],"wp:term":[{"taxonomy":"folder","embeddable":true,"href":"https:\/\/others.ucimesaweby.sk\/pedax\/wp-json\/wp\/v2\/folder?post=630"}],"curies":[{"name":"wp","href":"https:\/\/api.w.org\/{rel}","templated":true}]}}