{"id":190,"date":"2022-05-30T13:42:21","date_gmt":"2022-05-30T11:42:21","guid":{"rendered":"https:\/\/others.ucimesaweby.sk\/pedax\/?page_id=190"},"modified":"2022-05-31T13:00:13","modified_gmt":"2022-05-31T11:00:13","slug":"mapa-stranok","status":"publish","type":"page","link":"https:\/\/others.ucimesaweby.sk\/pedax\/mapa-stranok\/","title":{"rendered":"Mapa str\u00e1nok"},"content":{"rendered":"\t\t<div data-elementor-type=\"wp-page\" data-elementor-id=\"190\" class=\"elementor elementor-190\">\n\t\t\t\t\t\t\t\t\t<section class=\"elementor-section elementor-top-section elementor-element elementor-element-4d58406 elementor-section-full_width elementor-section-height-default elementor-section-height-default\" data-id=\"4d58406\" data-element_type=\"section\">\n\t\t\t\t\t\t<div class=\"elementor-container elementor-column-gap-default\">\n\t\t\t\t\t<div class=\"elementor-column elementor-col-100 elementor-top-column elementor-element elementor-element-34ce59f\" data-id=\"34ce59f\" data-element_type=\"column\">\n\t\t\t<div class=\"elementor-widget-wrap elementor-element-populated\">\n\t\t\t\t\t\t\t\t<div class=\"elementor-element elementor-element-4768b87 elementor-widget elementor-widget-shortcode\" data-id=\"4768b87\" data-element_type=\"widget\" data-widget_type=\"shortcode.default\">\n\t\t\t\t<div class=\"elementor-widget-container\">\n\t\t\t\t\t<div class=\"elementor-shortcode\">\t\t<div data-elementor-type=\"section\" data-elementor-id=\"287\" class=\"elementor elementor-287\">\n\t\t\t\t\t\t\t\t\t<section class=\"elementor-section elementor-top-section elementor-element elementor-element-b2dc12a elementor-section-boxed elementor-section-height-default elementor-section-height-default\" data-id=\"b2dc12a\" data-element_type=\"section\">\n\t\t\t\t\t\t<div class=\"elementor-container elementor-column-gap-default\">\n\t\t\t\t\t<div class=\"elementor-column elementor-col-25 elementor-top-column elementor-element elementor-element-d9bc0dd\" data-id=\"d9bc0dd\" data-element_type=\"column\">\n\t\t\t<div class=\"elementor-widget-wrap elementor-element-populated\">\n\t\t\t\t\t\t\t\t<div class=\"elementor-element elementor-element-84b5f09 elementor-widget elementor-widget-image\" data-id=\"84b5f09\" data-element_type=\"widget\" data-widget_type=\"image.default\">\n\t\t\t\t<div class=\"elementor-widget-container\">\n\t\t\t<style>\/*! elementor - v3.11.1 - 15-02-2023 *\/\n.elementor-widget-image{text-align:center}.elementor-widget-image a{display:inline-block}.elementor-widget-image a img[src$=\".svg\"]{width:48px}.elementor-widget-image img{vertical-align:middle;display:inline-block}<\/style>\t\t\t\t\t\t\t\t\t\t\t\t\t<a href=\"https:\/\/www.minedu.sk\/\">\n\t\t\t\t\t\t\t<img loading=\"lazy\" decoding=\"async\" width=\"1024\" height=\"323\" src=\"https:\/\/others.ucimesaweby.sk\/pedax\/wp-content\/uploads\/2022\/05\/logo-minedu-sk-1024x323.png\" class=\"attachment-large size-large wp-image-244\" alt=\"\" srcset=\"https:\/\/others.ucimesaweby.sk\/pedax\/wp-content\/uploads\/2022\/05\/logo-minedu-sk-1024x323.png 1024w, https:\/\/others.ucimesaweby.sk\/pedax\/wp-content\/uploads\/2022\/05\/logo-minedu-sk-300x95.png 300w, https:\/\/others.ucimesaweby.sk\/pedax\/wp-content\/uploads\/2022\/05\/logo-minedu-sk-768x242.png 768w, https:\/\/others.ucimesaweby.sk\/pedax\/wp-content\/uploads\/2022\/05\/logo-minedu-sk-1536x484.png 1536w, https:\/\/others.ucimesaweby.sk\/pedax\/wp-content\/uploads\/2022\/05\/logo-minedu-sk.png 1920w\" sizes=\"auto, (max-width: 1024px) 100vw, 1024px\" \/>\t\t\t\t\t\t\t\t<\/a>\n\t\t\t\t\t\t\t\t\t\t\t\t\t\t\t<\/div>\n\t\t\t\t<\/div>\n\t\t\t\t\t<\/div>\n\t\t<\/div>\n\t\t\t\t<div class=\"elementor-column elementor-col-25 elementor-top-column elementor-element elementor-element-93a46df\" data-id=\"93a46df\" data-element_type=\"column\">\n\t\t\t<div class=\"elementor-widget-wrap elementor-element-populated\">\n\t\t\t\t\t\t\t\t<div class=\"elementor-element elementor-element-d248059 elementor-widget elementor-widget-image\" data-id=\"d248059\" data-element_type=\"widget\" data-widget_type=\"image.default\">\n\t\t\t\t<div class=\"elementor-widget-container\">\n\t\t\t\t\t\t\t\t\t\t\t\t\t\t\t\t<a href=\"https:\/\/ec.europa.eu\/esf\/home.jsp?langId=sk\">\n\t\t\t\t\t\t\t<img loading=\"lazy\" decoding=\"async\" width=\"1024\" height=\"218\" src=\"https:\/\/others.ucimesaweby.sk\/pedax\/wp-content\/uploads\/2022\/05\/eu_socialny_fond-1024x218.png\" class=\"attachment-large size-large wp-image-241\" alt=\"\" srcset=\"https:\/\/others.ucimesaweby.sk\/pedax\/wp-content\/uploads\/2022\/05\/eu_socialny_fond-1024x218.png 1024w, https:\/\/others.ucimesaweby.sk\/pedax\/wp-content\/uploads\/2022\/05\/eu_socialny_fond-300x64.png 300w, https:\/\/others.ucimesaweby.sk\/pedax\/wp-content\/uploads\/2022\/05\/eu_socialny_fond-768x164.png 768w, https:\/\/others.ucimesaweby.sk\/pedax\/wp-content\/uploads\/2022\/05\/eu_socialny_fond-1536x327.png 1536w, https:\/\/others.ucimesaweby.sk\/pedax\/wp-content\/uploads\/2022\/05\/eu_socialny_fond.png 1750w\" sizes=\"auto, (max-width: 1024px) 100vw, 1024px\" \/>\t\t\t\t\t\t\t\t<\/a>\n\t\t\t\t\t\t\t\t\t\t\t\t\t\t\t<\/div>\n\t\t\t\t<\/div>\n\t\t\t\t\t<\/div>\n\t\t<\/div>\n\t\t\t\t<div class=\"elementor-column elementor-col-25 elementor-top-column elementor-element elementor-element-e231775\" data-id=\"e231775\" data-element_type=\"column\">\n\t\t\t<div class=\"elementor-widget-wrap elementor-element-populated\">\n\t\t\t\t\t\t\t\t<div class=\"elementor-element elementor-element-07027ea elementor-widget elementor-widget-image\" data-id=\"07027ea\" data-element_type=\"widget\" data-widget_type=\"image.default\">\n\t\t\t\t<div class=\"elementor-widget-container\">\n\t\t\t\t\t\t\t\t\t\t\t\t\t\t\t\t<a href=\"https:\/\/www.ludskezdroje.gov.sk\/\">\n\t\t\t\t\t\t\t<img loading=\"lazy\" decoding=\"async\" width=\"1024\" height=\"211\" src=\"https:\/\/others.ucimesaweby.sk\/pedax\/wp-content\/uploads\/2022\/05\/ludskezdroje-1024x211.png\" class=\"attachment-large size-large wp-image-245\" alt=\"\" srcset=\"https:\/\/others.ucimesaweby.sk\/pedax\/wp-content\/uploads\/2022\/05\/ludskezdroje-1024x211.png 1024w, https:\/\/others.ucimesaweby.sk\/pedax\/wp-content\/uploads\/2022\/05\/ludskezdroje-300x62.png 300w, https:\/\/others.ucimesaweby.sk\/pedax\/wp-content\/uploads\/2022\/05\/ludskezdroje-768x158.png 768w, https:\/\/others.ucimesaweby.sk\/pedax\/wp-content\/uploads\/2022\/05\/ludskezdroje-1536x316.png 1536w, https:\/\/others.ucimesaweby.sk\/pedax\/wp-content\/uploads\/2022\/05\/ludskezdroje-2048x421.png 2048w\" sizes=\"auto, (max-width: 1024px) 100vw, 1024px\" \/>\t\t\t\t\t\t\t\t<\/a>\n\t\t\t\t\t\t\t\t\t\t\t\t\t\t\t<\/div>\n\t\t\t\t<\/div>\n\t\t\t\t\t<\/div>\n\t\t<\/div>\n\t\t\t\t<div class=\"elementor-column elementor-col-25 elementor-top-column elementor-element elementor-element-f9f66d1\" data-id=\"f9f66d1\" data-element_type=\"column\">\n\t\t\t<div class=\"elementor-widget-wrap elementor-element-populated\">\n\t\t\t\t\t\t\t\t<div class=\"elementor-element elementor-element-c087e5e elementor-widget elementor-widget-image\" data-id=\"c087e5e\" data-element_type=\"widget\" data-widget_type=\"image.default\">\n\t\t\t\t<div class=\"elementor-widget-container\">\n\t\t\t\t\t\t\t\t\t\t\t\t\t\t\t\t<a href=\"https:\/\/fhv.uniza.sk\/web\/\">\n\t\t\t\t\t\t\t<img loading=\"lazy\" decoding=\"async\" width=\"1024\" height=\"215\" src=\"https:\/\/others.ucimesaweby.sk\/pedax\/wp-content\/uploads\/2022\/05\/FHV_H_S_sk_f-1024x215.png\" class=\"attachment-large size-large wp-image-249\" alt=\"\" srcset=\"https:\/\/others.ucimesaweby.sk\/pedax\/wp-content\/uploads\/2022\/05\/FHV_H_S_sk_f-1024x215.png 1024w, https:\/\/others.ucimesaweby.sk\/pedax\/wp-content\/uploads\/2022\/05\/FHV_H_S_sk_f-300x63.png 300w, https:\/\/others.ucimesaweby.sk\/pedax\/wp-content\/uploads\/2022\/05\/FHV_H_S_sk_f-768x161.png 768w, https:\/\/others.ucimesaweby.sk\/pedax\/wp-content\/uploads\/2022\/05\/FHV_H_S_sk_f-1536x322.png 1536w, https:\/\/others.ucimesaweby.sk\/pedax\/wp-content\/uploads\/2022\/05\/FHV_H_S_sk_f-2048x429.png 2048w\" sizes=\"auto, (max-width: 1024px) 100vw, 1024px\" \/>\t\t\t\t\t\t\t\t<\/a>\n\t\t\t\t\t\t\t\t\t\t\t\t\t\t\t<\/div>\n\t\t\t\t<\/div>\n\t\t\t\t\t<\/div>\n\t\t<\/div>\n\t\t\t\t\t\t\t<\/div>\n\t\t<\/section>\n\t\t\t\t\t\t\t<\/div>\n\t\t<\/div>\n\t\t\t\t<\/div>\n\t\t\t\t<\/div>\n\t\t\t\t\t<\/div>\n\t\t<\/div>\n\t\t\t\t\t\t\t<\/div>\n\t\t<\/section>\n\t\t\t\t<section class=\"elementor-section elementor-top-section elementor-element elementor-element-3f166b2 elementor-section-boxed elementor-section-height-default elementor-section-height-default\" data-id=\"3f166b2\" data-element_type=\"section\">\n\t\t\t\t\t\t<div class=\"elementor-container elementor-column-gap-default\">\n\t\t\t\t\t<div class=\"elementor-column elementor-col-100 elementor-top-column elementor-element elementor-element-f1277a3\" data-id=\"f1277a3\" data-element_type=\"column\">\n\t\t\t<div class=\"elementor-widget-wrap elementor-element-populated\">\n\t\t\t\t\t\t\t\t<div class=\"elementor-element elementor-element-36762b0 elementor-widget elementor-widget-shortcode\" data-id=\"36762b0\" data-element_type=\"widget\" data-widget_type=\"shortcode.default\">\n\t\t\t\t<div class=\"elementor-widget-container\">\n\t\t\t\t\t<div class=\"elementor-shortcode\"><div id=\"simple-sitemap-container-69ed2445eb12b\" class=\"simple-sitemap-container simple-sitemap-container-69ed2445eb12b tab-disabled\"><div class=\"simple-sitemap-wrap\"><h3 class=\"post-type\">Str\u00e1nky<\/h3><ul class=\"simple-sitemap-page main\"><li class=\"sitemap-item page_item page-item-186\"><a href=\"https:\/\/others.ucimesaweby.sk\/pedax\/aktuality\/\">Aktuality<\/a><\/li>\n<li class=\"sitemap-item page_item page-item-31\"><a href=\"https:\/\/others.ucimesaweby.sk\/pedax\/\">Domov<\/a><\/li>\n<li class=\"sitemap-item page_item page-item-188\"><a href=\"https:\/\/others.ucimesaweby.sk\/pedax\/fotogaleria\/\">Fotogal\u00e9ria<\/a><\/li>\n<li class=\"sitemap-item page_item page-item-72\"><a href=\"https:\/\/others.ucimesaweby.sk\/pedax\/kontakt\/\">Kontakt<\/a><\/li>\n<li class=\"sitemap-item page_item page-item-190\"><a href=\"https:\/\/others.ucimesaweby.sk\/pedax\/mapa-stranok\/\">Mapa str\u00e1nok<\/a><\/li>\n<li class=\"sitemap-item page_item page-item-58\"><a href=\"https:\/\/others.ucimesaweby.sk\/pedax\/onas\/\">O n\u00e1s<\/a><\/li>\n<li class=\"sitemap-item page_item page-item-183\"><a href=\"https:\/\/others.ucimesaweby.sk\/pedax\/o-projekte\/\">O projekte<\/a><\/li>\n<li class=\"sitemap-item page_item page-item-192 page_item_has_children\"><a href=\"https:\/\/others.ucimesaweby.sk\/pedax\/vystupy-projektu\/\">V\u00fdstupy projektu<\/a>\n<ul class='children'>\n\t<li class=\"sitemap-item page_item page-item-626\"><a href=\"https:\/\/others.ucimesaweby.sk\/pedax\/vystupy-projektu\/konferencia\/\">Konferencia<\/a><\/li>\n\t<li class=\"sitemap-item page_item page-item-628\"><a href=\"https:\/\/others.ucimesaweby.sk\/pedax\/vystupy-projektu\/publikacna-cinnost\/\">Publika\u010dn\u00e1 \u010dinnos\u0165<\/a><\/li>\n\t<li class=\"sitemap-item page_item page-item-630\"><a href=\"https:\/\/others.ucimesaweby.sk\/pedax\/vystupy-projektu\/workshopy\/\">Workshopy<\/a><\/li>\n<\/ul>\n<\/li>\n<\/ul><\/div><\/div><br style=\"clear: both;\"><\/div>\n\t\t\t\t<\/div>\n\t\t\t\t<\/div>\n\t\t\t\t\t<\/div>\n\t\t<\/div>\n\t\t\t\t\t\t\t<\/div>\n\t\t<\/section>\n\t\t\t\t\t\t\t<\/div>\n\t\t","protected":false},"excerpt":{"rendered":"","protected":false},"author":1,"featured_media":0,"parent":0,"menu_order":0,"comment_status":"closed","ping_status":"closed","template":"","meta":{"footnotes":""},"folder":[],"class_list":["post-190","page","type-page","status-publish","hentry"],"aioseo_notices":[],"_links":{"self":[{"href":"https:\/\/others.ucimesaweby.sk\/pedax\/wp-json\/wp\/v2\/pages\/190","targetHints":{"allow":["GET"]}}],"collection":[{"href":"https:\/\/others.ucimesaweby.sk\/pedax\/wp-json\/wp\/v2\/pages"}],"about":[{"href":"https:\/\/others.ucimesaweby.sk\/pedax\/wp-json\/wp\/v2\/types\/page"}],"author":[{"embeddable":true,"href":"https:\/\/others.ucimesaweby.sk\/pedax\/wp-json\/wp\/v2\/users\/1"}],"replies":[{"embeddable":true,"href":"https:\/\/others.ucimesaweby.sk\/pedax\/wp-json\/wp\/v2\/comments?post=190"}],"version-history":[{"count":7,"href":"https:\/\/others.ucimesaweby.sk\/pedax\/wp-json\/wp\/v2\/pages\/190\/revisions"}],"predecessor-version":[{"id":389,"href":"https:\/\/others.ucimesaweby.sk\/pedax\/wp-json\/wp\/v2\/pages\/190\/revisions\/389"}],"wp:attachment":[{"href":"https:\/\/others.ucimesaweby.sk\/pedax\/wp-json\/wp\/v2\/media?parent=190"}],"wp:term":[{"taxonomy":"folder","embeddable":true,"href":"https:\/\/others.ucimesaweby.sk\/pedax\/wp-json\/wp\/v2\/folder?post=190"}],"curies":[{"name":"wp","href":"https:\/\/api.w.org\/{rel}","templated":true}]}}