{"id":188,"date":"2022-05-30T13:42:00","date_gmt":"2022-05-30T11:42:00","guid":{"rendered":"https:\/\/others.ucimesaweby.sk\/pedax\/?page_id=188"},"modified":"2022-05-31T21:27:20","modified_gmt":"2022-05-31T19:27:20","slug":"fotogaleria","status":"publish","type":"page","link":"https:\/\/others.ucimesaweby.sk\/pedax\/fotogaleria\/","title":{"rendered":"Fotogal\u00e9ria"},"content":{"rendered":"\t\t<div data-elementor-type=\"wp-page\" data-elementor-id=\"188\" class=\"elementor elementor-188\">\n\t\t\t\t\t\t\t\t\t<section class=\"elementor-section elementor-top-section elementor-element elementor-element-7d7a63e elementor-section-full_width elementor-section-height-default elementor-section-height-default\" data-id=\"7d7a63e\" data-element_type=\"section\">\n\t\t\t\t\t\t<div class=\"elementor-container elementor-column-gap-default\">\n\t\t\t\t\t<div class=\"elementor-column elementor-col-100 elementor-top-column elementor-element elementor-element-bbdd7fa\" data-id=\"bbdd7fa\" data-element_type=\"column\">\n\t\t\t<div class=\"elementor-widget-wrap elementor-element-populated\">\n\t\t\t\t\t\t\t\t<div class=\"elementor-element elementor-element-7a89937 elementor-widget elementor-widget-shortcode\" data-id=\"7a89937\" data-element_type=\"widget\" data-widget_type=\"shortcode.default\">\n\t\t\t\t<div class=\"elementor-widget-container\">\n\t\t\t\t\t<div class=\"elementor-shortcode\">\t\t<div data-elementor-type=\"section\" data-elementor-id=\"287\" class=\"elementor elementor-287\">\n\t\t\t\t\t\t\t\t\t<section class=\"elementor-section elementor-top-section elementor-element elementor-element-b2dc12a elementor-section-boxed elementor-section-height-default elementor-section-height-default\" data-id=\"b2dc12a\" data-element_type=\"section\">\n\t\t\t\t\t\t<div class=\"elementor-container elementor-column-gap-default\">\n\t\t\t\t\t<div class=\"elementor-column elementor-col-25 elementor-top-column elementor-element elementor-element-d9bc0dd\" data-id=\"d9bc0dd\" data-element_type=\"column\">\n\t\t\t<div class=\"elementor-widget-wrap elementor-element-populated\">\n\t\t\t\t\t\t\t\t<div class=\"elementor-element elementor-element-84b5f09 elementor-widget elementor-widget-image\" data-id=\"84b5f09\" data-element_type=\"widget\" data-widget_type=\"image.default\">\n\t\t\t\t<div class=\"elementor-widget-container\">\n\t\t\t<style>\/*! elementor - v3.11.1 - 15-02-2023 *\/\n.elementor-widget-image{text-align:center}.elementor-widget-image a{display:inline-block}.elementor-widget-image a img[src$=\".svg\"]{width:48px}.elementor-widget-image img{vertical-align:middle;display:inline-block}<\/style>\t\t\t\t\t\t\t\t\t\t\t\t\t<a href=\"https:\/\/www.minedu.sk\/\">\n\t\t\t\t\t\t\t<img loading=\"lazy\" decoding=\"async\" width=\"1024\" height=\"323\" src=\"https:\/\/others.ucimesaweby.sk\/pedax\/wp-content\/uploads\/2022\/05\/logo-minedu-sk-1024x323.png\" class=\"attachment-large size-large wp-image-244\" alt=\"\" srcset=\"https:\/\/others.ucimesaweby.sk\/pedax\/wp-content\/uploads\/2022\/05\/logo-minedu-sk-1024x323.png 1024w, https:\/\/others.ucimesaweby.sk\/pedax\/wp-content\/uploads\/2022\/05\/logo-minedu-sk-300x95.png 300w, https:\/\/others.ucimesaweby.sk\/pedax\/wp-content\/uploads\/2022\/05\/logo-minedu-sk-768x242.png 768w, https:\/\/others.ucimesaweby.sk\/pedax\/wp-content\/uploads\/2022\/05\/logo-minedu-sk-1536x484.png 1536w, https:\/\/others.ucimesaweby.sk\/pedax\/wp-content\/uploads\/2022\/05\/logo-minedu-sk.png 1920w\" sizes=\"auto, (max-width: 1024px) 100vw, 1024px\" \/>\t\t\t\t\t\t\t\t<\/a>\n\t\t\t\t\t\t\t\t\t\t\t\t\t\t\t<\/div>\n\t\t\t\t<\/div>\n\t\t\t\t\t<\/div>\n\t\t<\/div>\n\t\t\t\t<div class=\"elementor-column elementor-col-25 elementor-top-column elementor-element elementor-element-93a46df\" data-id=\"93a46df\" data-element_type=\"column\">\n\t\t\t<div class=\"elementor-widget-wrap elementor-element-populated\">\n\t\t\t\t\t\t\t\t<div class=\"elementor-element elementor-element-d248059 elementor-widget elementor-widget-image\" data-id=\"d248059\" data-element_type=\"widget\" data-widget_type=\"image.default\">\n\t\t\t\t<div class=\"elementor-widget-container\">\n\t\t\t\t\t\t\t\t\t\t\t\t\t\t\t\t<a href=\"https:\/\/ec.europa.eu\/esf\/home.jsp?langId=sk\">\n\t\t\t\t\t\t\t<img loading=\"lazy\" decoding=\"async\" width=\"1024\" height=\"218\" src=\"https:\/\/others.ucimesaweby.sk\/pedax\/wp-content\/uploads\/2022\/05\/eu_socialny_fond-1024x218.png\" class=\"attachment-large size-large wp-image-241\" alt=\"\" srcset=\"https:\/\/others.ucimesaweby.sk\/pedax\/wp-content\/uploads\/2022\/05\/eu_socialny_fond-1024x218.png 1024w, https:\/\/others.ucimesaweby.sk\/pedax\/wp-content\/uploads\/2022\/05\/eu_socialny_fond-300x64.png 300w, https:\/\/others.ucimesaweby.sk\/pedax\/wp-content\/uploads\/2022\/05\/eu_socialny_fond-768x164.png 768w, https:\/\/others.ucimesaweby.sk\/pedax\/wp-content\/uploads\/2022\/05\/eu_socialny_fond-1536x327.png 1536w, https:\/\/others.ucimesaweby.sk\/pedax\/wp-content\/uploads\/2022\/05\/eu_socialny_fond.png 1750w\" sizes=\"auto, (max-width: 1024px) 100vw, 1024px\" \/>\t\t\t\t\t\t\t\t<\/a>\n\t\t\t\t\t\t\t\t\t\t\t\t\t\t\t<\/div>\n\t\t\t\t<\/div>\n\t\t\t\t\t<\/div>\n\t\t<\/div>\n\t\t\t\t<div class=\"elementor-column elementor-col-25 elementor-top-column elementor-element elementor-element-e231775\" data-id=\"e231775\" data-element_type=\"column\">\n\t\t\t<div class=\"elementor-widget-wrap elementor-element-populated\">\n\t\t\t\t\t\t\t\t<div class=\"elementor-element elementor-element-07027ea elementor-widget elementor-widget-image\" data-id=\"07027ea\" data-element_type=\"widget\" data-widget_type=\"image.default\">\n\t\t\t\t<div class=\"elementor-widget-container\">\n\t\t\t\t\t\t\t\t\t\t\t\t\t\t\t\t<a href=\"https:\/\/www.ludskezdroje.gov.sk\/\">\n\t\t\t\t\t\t\t<img loading=\"lazy\" decoding=\"async\" width=\"1024\" height=\"211\" src=\"https:\/\/others.ucimesaweby.sk\/pedax\/wp-content\/uploads\/2022\/05\/ludskezdroje-1024x211.png\" class=\"attachment-large size-large wp-image-245\" alt=\"\" srcset=\"https:\/\/others.ucimesaweby.sk\/pedax\/wp-content\/uploads\/2022\/05\/ludskezdroje-1024x211.png 1024w, https:\/\/others.ucimesaweby.sk\/pedax\/wp-content\/uploads\/2022\/05\/ludskezdroje-300x62.png 300w, https:\/\/others.ucimesaweby.sk\/pedax\/wp-content\/uploads\/2022\/05\/ludskezdroje-768x158.png 768w, https:\/\/others.ucimesaweby.sk\/pedax\/wp-content\/uploads\/2022\/05\/ludskezdroje-1536x316.png 1536w, https:\/\/others.ucimesaweby.sk\/pedax\/wp-content\/uploads\/2022\/05\/ludskezdroje-2048x421.png 2048w\" sizes=\"auto, (max-width: 1024px) 100vw, 1024px\" \/>\t\t\t\t\t\t\t\t<\/a>\n\t\t\t\t\t\t\t\t\t\t\t\t\t\t\t<\/div>\n\t\t\t\t<\/div>\n\t\t\t\t\t<\/div>\n\t\t<\/div>\n\t\t\t\t<div class=\"elementor-column elementor-col-25 elementor-top-column elementor-element elementor-element-f9f66d1\" data-id=\"f9f66d1\" data-element_type=\"column\">\n\t\t\t<div class=\"elementor-widget-wrap elementor-element-populated\">\n\t\t\t\t\t\t\t\t<div class=\"elementor-element elementor-element-c087e5e elementor-widget elementor-widget-image\" data-id=\"c087e5e\" data-element_type=\"widget\" data-widget_type=\"image.default\">\n\t\t\t\t<div class=\"elementor-widget-container\">\n\t\t\t\t\t\t\t\t\t\t\t\t\t\t\t\t<a href=\"https:\/\/fhv.uniza.sk\/web\/\">\n\t\t\t\t\t\t\t<img loading=\"lazy\" decoding=\"async\" width=\"1024\" height=\"215\" src=\"https:\/\/others.ucimesaweby.sk\/pedax\/wp-content\/uploads\/2022\/05\/FHV_H_S_sk_f-1024x215.png\" class=\"attachment-large size-large wp-image-249\" alt=\"\" srcset=\"https:\/\/others.ucimesaweby.sk\/pedax\/wp-content\/uploads\/2022\/05\/FHV_H_S_sk_f-1024x215.png 1024w, https:\/\/others.ucimesaweby.sk\/pedax\/wp-content\/uploads\/2022\/05\/FHV_H_S_sk_f-300x63.png 300w, https:\/\/others.ucimesaweby.sk\/pedax\/wp-content\/uploads\/2022\/05\/FHV_H_S_sk_f-768x161.png 768w, https:\/\/others.ucimesaweby.sk\/pedax\/wp-content\/uploads\/2022\/05\/FHV_H_S_sk_f-1536x322.png 1536w, https:\/\/others.ucimesaweby.sk\/pedax\/wp-content\/uploads\/2022\/05\/FHV_H_S_sk_f-2048x429.png 2048w\" sizes=\"auto, (max-width: 1024px) 100vw, 1024px\" \/>\t\t\t\t\t\t\t\t<\/a>\n\t\t\t\t\t\t\t\t\t\t\t\t\t\t\t<\/div>\n\t\t\t\t<\/div>\n\t\t\t\t\t<\/div>\n\t\t<\/div>\n\t\t\t\t\t\t\t<\/div>\n\t\t<\/section>\n\t\t\t\t\t\t\t<\/div>\n\t\t<\/div>\n\t\t\t\t<\/div>\n\t\t\t\t<\/div>\n\t\t\t\t\t<\/div>\n\t\t<\/div>\n\t\t\t\t\t\t\t<\/div>\n\t\t<\/section>\n\t\t\t\t<section class=\"elementor-section elementor-top-section elementor-element elementor-element-b11c976 elementor-section-boxed elementor-section-height-default elementor-section-height-default\" data-id=\"b11c976\" data-element_type=\"section\">\n\t\t\t\t\t\t<div class=\"elementor-container elementor-column-gap-default\">\n\t\t\t\t\t<div class=\"elementor-column elementor-col-100 elementor-top-column elementor-element elementor-element-7b174ae\" data-id=\"7b174ae\" data-element_type=\"column\">\n\t\t\t<div class=\"elementor-widget-wrap elementor-element-populated\">\n\t\t\t\t\t\t\t\t<div class=\"elementor-element elementor-element-75dbc97 elementor-widget elementor-widget-futurio-extra-posts\" data-id=\"75dbc97\" data-element_type=\"widget\" data-widget_type=\"futurio-extra-posts.default\">\n\t\t\t\t<div class=\"elementor-widget-container\">\n\t\t\t\n\t\t<div class=\"f-posts-shortcode\">\n\t\t\t<div class=\"latest-news-wrapper\">\n\t\t\t\t\t\t\t<article id=\"post-773\" class=\"news-item text-center col-md-4 post-773 post type-post status-publish format-standard has-post-thumbnail hentry category-foto\">\n\t\t\t\t\t<div class=\"entry-thumb\">\n\t\t\t\t\t\t\t\t\t<div class=\"news-thumb \">\n\t\t\t\t<a href=\"https:\/\/others.ucimesaweby.sk\/pedax\/2023\/10\/17\/aky-bol-workshop-16-10-2023\/\" title=\"Ak\u00fd bol workshop 16.10.2023\">\n\t\t\t\t\t<img loading=\"lazy\" decoding=\"async\" width=\"720\" height=\"405\" src=\"https:\/\/others.ucimesaweby.sk\/pedax\/wp-content\/uploads\/2023\/10\/Pedax-Workshop-16.10-1-720x405.jpg\" class=\"attachment-futurio-med size-futurio-med wp-post-image\" alt=\"\" srcset=\"https:\/\/others.ucimesaweby.sk\/pedax\/wp-content\/uploads\/2023\/10\/Pedax-Workshop-16.10-1-720x405.jpg 720w, https:\/\/others.ucimesaweby.sk\/pedax\/wp-content\/uploads\/2023\/10\/Pedax-Workshop-16.10-1-1140x641.jpg 1140w\" sizes=\"auto, (max-width: 720px) 100vw, 720px\" \/>\t\t\t\t<\/a>\n\t\t\t<\/div><!-- .news-thumb -->\n\t\t\t\t\n\t\t\t\t\t<\/div>\t\t\t\t\t\t\n  \t\t\t\t<h4 class=\"entry-title\"><a href=\"https:\/\/others.ucimesaweby.sk\/pedax\/2023\/10\/17\/aky-bol-workshop-16-10-2023\/\" rel=\"bookmark\">Ak\u00fd bol workshop 16.10.2023<\/a><\/h4>          <div class=\"f-line\"><\/div>\n\t\t\t\t\t<div class=\"post-excerpt\">\n\t\t\t\t\t          <\/div>\n\t\t\t\t<\/article>\n\t\t\t\t\t\t\t<article id=\"post-724\" class=\"news-item text-center col-md-4 post-724 post type-post status-publish format-standard has-post-thumbnail hentry category-foto\">\n\t\t\t\t\t<div class=\"entry-thumb\">\n\t\t\t\t\t\t\t\t\t<div class=\"news-thumb \">\n\t\t\t\t<a href=\"https:\/\/others.ucimesaweby.sk\/pedax\/2023\/10\/06\/foto-z-konferencie-4-10-2023\/\" title=\"Foto z konferencie 4.10.2023\">\n\t\t\t\t\t<img loading=\"lazy\" decoding=\"async\" width=\"720\" height=\"405\" src=\"https:\/\/others.ucimesaweby.sk\/pedax\/wp-content\/uploads\/2023\/10\/PEDAX-konferencia-4.10-6-720x405.jpg\" class=\"attachment-futurio-med size-futurio-med wp-post-image\" alt=\"\" srcset=\"https:\/\/others.ucimesaweby.sk\/pedax\/wp-content\/uploads\/2023\/10\/PEDAX-konferencia-4.10-6-720x405.jpg 720w, https:\/\/others.ucimesaweby.sk\/pedax\/wp-content\/uploads\/2023\/10\/PEDAX-konferencia-4.10-6-1140x641.jpg 1140w\" sizes=\"auto, (max-width: 720px) 100vw, 720px\" \/>\t\t\t\t<\/a>\n\t\t\t<\/div><!-- .news-thumb -->\n\t\t\t\t\n\t\t\t\t\t<\/div>\t\t\t\t\t\t\n  \t\t\t\t<h4 class=\"entry-title\"><a href=\"https:\/\/others.ucimesaweby.sk\/pedax\/2023\/10\/06\/foto-z-konferencie-4-10-2023\/\" rel=\"bookmark\">Foto z konferencie 4.10.2023<\/a><\/h4>          <div class=\"f-line\"><\/div>\n\t\t\t\t\t<div class=\"post-excerpt\">\n\t\t\t\t\t          <\/div>\n\t\t\t\t<\/article>\n\t\t\t\t\t\t\t<article id=\"post-677\" class=\"news-item text-center col-md-4 post-677 post type-post status-publish format-standard has-post-thumbnail hentry category-foto\">\n\t\t\t\t\t<div class=\"entry-thumb\">\n\t\t\t\t\t\t\t\t\t<div class=\"news-thumb \">\n\t\t\t\t<a href=\"https:\/\/others.ucimesaweby.sk\/pedax\/2023\/02\/19\/metodicky-den\/\" title=\"Metodick\u00fd de\u0148\">\n\t\t\t\t\t<img loading=\"lazy\" decoding=\"async\" width=\"720\" height=\"405\" src=\"https:\/\/others.ucimesaweby.sk\/pedax\/wp-content\/uploads\/2022\/05\/PEDAX_IMG_-21-720x405.jpg\" class=\"attachment-futurio-med size-futurio-med wp-post-image\" alt=\"\" srcset=\"https:\/\/others.ucimesaweby.sk\/pedax\/wp-content\/uploads\/2022\/05\/PEDAX_IMG_-21-720x405.jpg 720w, https:\/\/others.ucimesaweby.sk\/pedax\/wp-content\/uploads\/2022\/05\/PEDAX_IMG_-21-1140x641.jpg 1140w\" sizes=\"auto, (max-width: 720px) 100vw, 720px\" \/>\t\t\t\t<\/a>\n\t\t\t<\/div><!-- .news-thumb -->\n\t\t\t\t\n\t\t\t\t\t<\/div>\t\t\t\t\t\t\n  \t\t\t\t<h4 class=\"entry-title\"><a href=\"https:\/\/others.ucimesaweby.sk\/pedax\/2023\/02\/19\/metodicky-den\/\" rel=\"bookmark\">Metodick\u00fd de\u0148<\/a><\/h4>          <div class=\"f-line\"><\/div>\n\t\t\t\t\t<div class=\"post-excerpt\">\n\t\t\t\t\t          <\/div>\n\t\t\t\t<\/article>\n\t\t\t\t\t\t\t<article id=\"post-449\" class=\"news-item text-center col-md-4 post-449 post type-post status-publish format-standard has-post-thumbnail hentry category-foto\">\n\t\t\t\t\t<div class=\"entry-thumb\">\n\t\t\t\t\t\t\t\t\t<div class=\"news-thumb \">\n\t\t\t\t<a href=\"https:\/\/others.ucimesaweby.sk\/pedax\/2021\/02\/28\/loga-ktore-sme-pouzili\/\" title=\"Log\u00e1, ktor\u00e9 sme pou\u017eili\">\n\t\t\t\t\t<img loading=\"lazy\" decoding=\"async\" width=\"720\" height=\"405\" src=\"https:\/\/others.ucimesaweby.sk\/pedax\/wp-content\/uploads\/2022\/05\/PEDAX_others-5-720x405.jpg\" class=\"attachment-futurio-med size-futurio-med wp-post-image\" alt=\"\" srcset=\"https:\/\/others.ucimesaweby.sk\/pedax\/wp-content\/uploads\/2022\/05\/PEDAX_others-5-720x405.jpg 720w, https:\/\/others.ucimesaweby.sk\/pedax\/wp-content\/uploads\/2022\/05\/PEDAX_others-5-1140x641.jpg 1140w\" sizes=\"auto, (max-width: 720px) 100vw, 720px\" \/>\t\t\t\t<\/a>\n\t\t\t<\/div><!-- .news-thumb -->\n\t\t\t\t\n\t\t\t\t\t<\/div>\t\t\t\t\t\t\n  \t\t\t\t<h4 class=\"entry-title\"><a href=\"https:\/\/others.ucimesaweby.sk\/pedax\/2021\/02\/28\/loga-ktore-sme-pouzili\/\" rel=\"bookmark\">Log\u00e1, ktor\u00e9 sme pou\u017eili<\/a><\/h4>          <div class=\"f-line\"><\/div>\n\t\t\t\t\t<div class=\"post-excerpt\">\n\t\t\t\t\t          <\/div>\n\t\t\t\t<\/article>\n\t\t\t\t\t\t\t<article id=\"post-441\" class=\"news-item text-center col-md-4 post-441 post type-post status-publish format-standard has-post-thumbnail hentry category-foto\">\n\t\t\t\t\t<div class=\"entry-thumb\">\n\t\t\t\t\t\t\t\t\t<div class=\"news-thumb \">\n\t\t\t\t<a href=\"https:\/\/others.ucimesaweby.sk\/pedax\/2021\/01\/15\/pouzivame-fotografie-z-verejnych-bank\/\" title=\"Pou\u017e\u00edvame fotografie z verejn\u00fdch b\u00e1nk\">\n\t\t\t\t\t<img loading=\"lazy\" decoding=\"async\" width=\"720\" height=\"405\" src=\"https:\/\/others.ucimesaweby.sk\/pedax\/wp-content\/uploads\/2022\/05\/PEDAX_IMG_-19-720x405.jpg\" class=\"attachment-futurio-med size-futurio-med wp-post-image\" alt=\"\" srcset=\"https:\/\/others.ucimesaweby.sk\/pedax\/wp-content\/uploads\/2022\/05\/PEDAX_IMG_-19-720x405.jpg 720w, https:\/\/others.ucimesaweby.sk\/pedax\/wp-content\/uploads\/2022\/05\/PEDAX_IMG_-19-1140x641.jpg 1140w\" sizes=\"auto, (max-width: 720px) 100vw, 720px\" \/>\t\t\t\t<\/a>\n\t\t\t<\/div><!-- .news-thumb -->\n\t\t\t\t\n\t\t\t\t\t<\/div>\t\t\t\t\t\t\n  \t\t\t\t<h4 class=\"entry-title\"><a href=\"https:\/\/others.ucimesaweby.sk\/pedax\/2021\/01\/15\/pouzivame-fotografie-z-verejnych-bank\/\" rel=\"bookmark\">Pou\u017e\u00edvame fotografie z verejn\u00fdch b\u00e1nk<\/a><\/h4>          <div class=\"f-line\"><\/div>\n\t\t\t\t\t<div class=\"post-excerpt\">\n\t\t\t\t\t          <\/div>\n\t\t\t\t<\/article>\n\t\t\t\t\t\t<\/div>\n\t\t<\/div>\n\n\t\t\n\t\t\t\t<\/div>\n\t\t\t\t<\/div>\n\t\t\t\t\t<\/div>\n\t\t<\/div>\n\t\t\t\t\t\t\t<\/div>\n\t\t<\/section>\n\t\t\t\t\t\t\t<\/div>\n\t\t","protected":false},"excerpt":{"rendered":"<p>Ahoj svet! Vitajte vo WordPress. Toto je v\u00e1\u0161 prv\u00fd \u010dl\u00e1nok. Upravte ho alebo zma\u017ete a za\u010dnite p\u00edsa\u0165! Donec iaculis gravida nulla Lorem ipsum dolor sit amet, consectetuer adipiscing elit. Duis risus. Nullam sit amet magna in&hellip; Etiam bibendum elit eget erat Lorem ipsum dolor sit amet, consectetuer adipiscing elit. Duis risus. Nullam sit amet magna&hellip;<\/p>\n","protected":false},"author":1,"featured_media":0,"parent":0,"menu_order":0,"comment_status":"closed","ping_status":"closed","template":"","meta":{"footnotes":""},"folder":[],"class_list":["post-188","page","type-page","status-publish","hentry"],"aioseo_notices":[],"_links":{"self":[{"href":"https:\/\/others.ucimesaweby.sk\/pedax\/wp-json\/wp\/v2\/pages\/188","targetHints":{"allow":["GET"]}}],"collection":[{"href":"https:\/\/others.ucimesaweby.sk\/pedax\/wp-json\/wp\/v2\/pages"}],"about":[{"href":"https:\/\/others.ucimesaweby.sk\/pedax\/wp-json\/wp\/v2\/types\/page"}],"author":[{"embeddable":true,"href":"https:\/\/others.ucimesaweby.sk\/pedax\/wp-json\/wp\/v2\/users\/1"}],"replies":[{"embeddable":true,"href":"https:\/\/others.ucimesaweby.sk\/pedax\/wp-json\/wp\/v2\/comments?post=188"}],"version-history":[{"count":7,"href":"https:\/\/others.ucimesaweby.sk\/pedax\/wp-json\/wp\/v2\/pages\/188\/revisions"}],"predecessor-version":[{"id":437,"href":"https:\/\/others.ucimesaweby.sk\/pedax\/wp-json\/wp\/v2\/pages\/188\/revisions\/437"}],"wp:attachment":[{"href":"https:\/\/others.ucimesaweby.sk\/pedax\/wp-json\/wp\/v2\/media?parent=188"}],"wp:term":[{"taxonomy":"folder","embeddable":true,"href":"https:\/\/others.ucimesaweby.sk\/pedax\/wp-json\/wp\/v2\/folder?post=188"}],"curies":[{"name":"wp","href":"https:\/\/api.w.org\/{rel}","templated":true}]}}