{"id":186,"date":"2022-05-30T13:41:40","date_gmt":"2022-05-30T11:41:40","guid":{"rendered":"https:\/\/others.ucimesaweby.sk\/pedax\/?page_id=186"},"modified":"2022-05-31T21:27:32","modified_gmt":"2022-05-31T19:27:32","slug":"aktuality","status":"publish","type":"page","link":"https:\/\/others.ucimesaweby.sk\/pedax\/aktuality\/","title":{"rendered":"Aktuality"},"content":{"rendered":"\t\t<div data-elementor-type=\"wp-page\" data-elementor-id=\"186\" class=\"elementor elementor-186\">\n\t\t\t\t\t\t\t\t\t<section class=\"elementor-section elementor-top-section elementor-element elementor-element-1028db4 elementor-section-full_width elementor-section-height-default elementor-section-height-default\" data-id=\"1028db4\" data-element_type=\"section\">\n\t\t\t\t\t\t<div class=\"elementor-container elementor-column-gap-default\">\n\t\t\t\t\t<div class=\"elementor-column elementor-col-100 elementor-top-column elementor-element elementor-element-e4773d6\" data-id=\"e4773d6\" data-element_type=\"column\">\n\t\t\t<div class=\"elementor-widget-wrap elementor-element-populated\">\n\t\t\t\t\t\t\t\t<div class=\"elementor-element elementor-element-dfef9e5 elementor-widget elementor-widget-shortcode\" data-id=\"dfef9e5\" data-element_type=\"widget\" data-widget_type=\"shortcode.default\">\n\t\t\t\t<div class=\"elementor-widget-container\">\n\t\t\t\t\t<div class=\"elementor-shortcode\">\t\t<div data-elementor-type=\"section\" data-elementor-id=\"287\" class=\"elementor elementor-287\">\n\t\t\t\t\t\t\t\t\t<section class=\"elementor-section elementor-top-section elementor-element elementor-element-b2dc12a elementor-section-boxed elementor-section-height-default elementor-section-height-default\" data-id=\"b2dc12a\" data-element_type=\"section\">\n\t\t\t\t\t\t<div class=\"elementor-container elementor-column-gap-default\">\n\t\t\t\t\t<div class=\"elementor-column elementor-col-25 elementor-top-column elementor-element elementor-element-d9bc0dd\" data-id=\"d9bc0dd\" data-element_type=\"column\">\n\t\t\t<div class=\"elementor-widget-wrap elementor-element-populated\">\n\t\t\t\t\t\t\t\t<div class=\"elementor-element elementor-element-84b5f09 elementor-widget elementor-widget-image\" data-id=\"84b5f09\" data-element_type=\"widget\" data-widget_type=\"image.default\">\n\t\t\t\t<div class=\"elementor-widget-container\">\n\t\t\t<style>\/*! elementor - v3.11.1 - 15-02-2023 *\/\n.elementor-widget-image{text-align:center}.elementor-widget-image a{display:inline-block}.elementor-widget-image a img[src$=\".svg\"]{width:48px}.elementor-widget-image img{vertical-align:middle;display:inline-block}<\/style>\t\t\t\t\t\t\t\t\t\t\t\t\t<a href=\"https:\/\/www.minedu.sk\/\">\n\t\t\t\t\t\t\t<img loading=\"lazy\" decoding=\"async\" width=\"1024\" height=\"323\" src=\"https:\/\/others.ucimesaweby.sk\/pedax\/wp-content\/uploads\/2022\/05\/logo-minedu-sk-1024x323.png\" class=\"attachment-large size-large wp-image-244\" alt=\"\" srcset=\"https:\/\/others.ucimesaweby.sk\/pedax\/wp-content\/uploads\/2022\/05\/logo-minedu-sk-1024x323.png 1024w, https:\/\/others.ucimesaweby.sk\/pedax\/wp-content\/uploads\/2022\/05\/logo-minedu-sk-300x95.png 300w, https:\/\/others.ucimesaweby.sk\/pedax\/wp-content\/uploads\/2022\/05\/logo-minedu-sk-768x242.png 768w, https:\/\/others.ucimesaweby.sk\/pedax\/wp-content\/uploads\/2022\/05\/logo-minedu-sk-1536x484.png 1536w, https:\/\/others.ucimesaweby.sk\/pedax\/wp-content\/uploads\/2022\/05\/logo-minedu-sk.png 1920w\" sizes=\"auto, (max-width: 1024px) 100vw, 1024px\" \/>\t\t\t\t\t\t\t\t<\/a>\n\t\t\t\t\t\t\t\t\t\t\t\t\t\t\t<\/div>\n\t\t\t\t<\/div>\n\t\t\t\t\t<\/div>\n\t\t<\/div>\n\t\t\t\t<div class=\"elementor-column elementor-col-25 elementor-top-column elementor-element elementor-element-93a46df\" data-id=\"93a46df\" data-element_type=\"column\">\n\t\t\t<div class=\"elementor-widget-wrap elementor-element-populated\">\n\t\t\t\t\t\t\t\t<div class=\"elementor-element elementor-element-d248059 elementor-widget elementor-widget-image\" data-id=\"d248059\" data-element_type=\"widget\" data-widget_type=\"image.default\">\n\t\t\t\t<div class=\"elementor-widget-container\">\n\t\t\t\t\t\t\t\t\t\t\t\t\t\t\t\t<a href=\"https:\/\/ec.europa.eu\/esf\/home.jsp?langId=sk\">\n\t\t\t\t\t\t\t<img loading=\"lazy\" decoding=\"async\" width=\"1024\" height=\"218\" src=\"https:\/\/others.ucimesaweby.sk\/pedax\/wp-content\/uploads\/2022\/05\/eu_socialny_fond-1024x218.png\" class=\"attachment-large size-large wp-image-241\" alt=\"\" srcset=\"https:\/\/others.ucimesaweby.sk\/pedax\/wp-content\/uploads\/2022\/05\/eu_socialny_fond-1024x218.png 1024w, https:\/\/others.ucimesaweby.sk\/pedax\/wp-content\/uploads\/2022\/05\/eu_socialny_fond-300x64.png 300w, https:\/\/others.ucimesaweby.sk\/pedax\/wp-content\/uploads\/2022\/05\/eu_socialny_fond-768x164.png 768w, https:\/\/others.ucimesaweby.sk\/pedax\/wp-content\/uploads\/2022\/05\/eu_socialny_fond-1536x327.png 1536w, https:\/\/others.ucimesaweby.sk\/pedax\/wp-content\/uploads\/2022\/05\/eu_socialny_fond.png 1750w\" sizes=\"auto, (max-width: 1024px) 100vw, 1024px\" \/>\t\t\t\t\t\t\t\t<\/a>\n\t\t\t\t\t\t\t\t\t\t\t\t\t\t\t<\/div>\n\t\t\t\t<\/div>\n\t\t\t\t\t<\/div>\n\t\t<\/div>\n\t\t\t\t<div class=\"elementor-column elementor-col-25 elementor-top-column elementor-element elementor-element-e231775\" data-id=\"e231775\" data-element_type=\"column\">\n\t\t\t<div class=\"elementor-widget-wrap elementor-element-populated\">\n\t\t\t\t\t\t\t\t<div class=\"elementor-element elementor-element-07027ea elementor-widget elementor-widget-image\" data-id=\"07027ea\" data-element_type=\"widget\" data-widget_type=\"image.default\">\n\t\t\t\t<div class=\"elementor-widget-container\">\n\t\t\t\t\t\t\t\t\t\t\t\t\t\t\t\t<a href=\"https:\/\/www.ludskezdroje.gov.sk\/\">\n\t\t\t\t\t\t\t<img loading=\"lazy\" decoding=\"async\" width=\"1024\" height=\"211\" src=\"https:\/\/others.ucimesaweby.sk\/pedax\/wp-content\/uploads\/2022\/05\/ludskezdroje-1024x211.png\" class=\"attachment-large size-large wp-image-245\" alt=\"\" srcset=\"https:\/\/others.ucimesaweby.sk\/pedax\/wp-content\/uploads\/2022\/05\/ludskezdroje-1024x211.png 1024w, https:\/\/others.ucimesaweby.sk\/pedax\/wp-content\/uploads\/2022\/05\/ludskezdroje-300x62.png 300w, https:\/\/others.ucimesaweby.sk\/pedax\/wp-content\/uploads\/2022\/05\/ludskezdroje-768x158.png 768w, https:\/\/others.ucimesaweby.sk\/pedax\/wp-content\/uploads\/2022\/05\/ludskezdroje-1536x316.png 1536w, https:\/\/others.ucimesaweby.sk\/pedax\/wp-content\/uploads\/2022\/05\/ludskezdroje-2048x421.png 2048w\" sizes=\"auto, (max-width: 1024px) 100vw, 1024px\" \/>\t\t\t\t\t\t\t\t<\/a>\n\t\t\t\t\t\t\t\t\t\t\t\t\t\t\t<\/div>\n\t\t\t\t<\/div>\n\t\t\t\t\t<\/div>\n\t\t<\/div>\n\t\t\t\t<div class=\"elementor-column elementor-col-25 elementor-top-column elementor-element elementor-element-f9f66d1\" data-id=\"f9f66d1\" data-element_type=\"column\">\n\t\t\t<div class=\"elementor-widget-wrap elementor-element-populated\">\n\t\t\t\t\t\t\t\t<div class=\"elementor-element elementor-element-c087e5e elementor-widget elementor-widget-image\" data-id=\"c087e5e\" data-element_type=\"widget\" data-widget_type=\"image.default\">\n\t\t\t\t<div class=\"elementor-widget-container\">\n\t\t\t\t\t\t\t\t\t\t\t\t\t\t\t\t<a href=\"https:\/\/fhv.uniza.sk\/web\/\">\n\t\t\t\t\t\t\t<img loading=\"lazy\" decoding=\"async\" width=\"1024\" height=\"215\" src=\"https:\/\/others.ucimesaweby.sk\/pedax\/wp-content\/uploads\/2022\/05\/FHV_H_S_sk_f-1024x215.png\" class=\"attachment-large size-large wp-image-249\" alt=\"\" srcset=\"https:\/\/others.ucimesaweby.sk\/pedax\/wp-content\/uploads\/2022\/05\/FHV_H_S_sk_f-1024x215.png 1024w, https:\/\/others.ucimesaweby.sk\/pedax\/wp-content\/uploads\/2022\/05\/FHV_H_S_sk_f-300x63.png 300w, https:\/\/others.ucimesaweby.sk\/pedax\/wp-content\/uploads\/2022\/05\/FHV_H_S_sk_f-768x161.png 768w, https:\/\/others.ucimesaweby.sk\/pedax\/wp-content\/uploads\/2022\/05\/FHV_H_S_sk_f-1536x322.png 1536w, https:\/\/others.ucimesaweby.sk\/pedax\/wp-content\/uploads\/2022\/05\/FHV_H_S_sk_f-2048x429.png 2048w\" sizes=\"auto, (max-width: 1024px) 100vw, 1024px\" \/>\t\t\t\t\t\t\t\t<\/a>\n\t\t\t\t\t\t\t\t\t\t\t\t\t\t\t<\/div>\n\t\t\t\t<\/div>\n\t\t\t\t\t<\/div>\n\t\t<\/div>\n\t\t\t\t\t\t\t<\/div>\n\t\t<\/section>\n\t\t\t\t\t\t\t<\/div>\n\t\t<\/div>\n\t\t\t\t<\/div>\n\t\t\t\t<\/div>\n\t\t\t\t\t<\/div>\n\t\t<\/div>\n\t\t\t\t\t\t\t<\/div>\n\t\t<\/section>\n\t\t\t\t<section class=\"elementor-section elementor-top-section elementor-element elementor-element-c961193 elementor-section-boxed elementor-section-height-default elementor-section-height-default\" data-id=\"c961193\" data-element_type=\"section\">\n\t\t\t\t\t\t<div class=\"elementor-container elementor-column-gap-default\">\n\t\t\t\t\t<div class=\"elementor-column elementor-col-100 elementor-top-column elementor-element elementor-element-f8a084d\" data-id=\"f8a084d\" data-element_type=\"column\">\n\t\t\t<div class=\"elementor-widget-wrap elementor-element-populated\">\n\t\t\t\t\t\t\t\t<div class=\"elementor-element elementor-element-d3679c1 elementor-widget elementor-widget-futurio-extra-posts\" data-id=\"d3679c1\" data-element_type=\"widget\" data-widget_type=\"futurio-extra-posts.default\">\n\t\t\t\t<div class=\"elementor-widget-container\">\n\t\t\t\n\t\t<div class=\"f-posts-shortcode\">\n\t\t\t<div class=\"latest-news-wrapper\">\n\t\t\t\t\t\t\t<article id=\"post-793\" class=\"news-item text-center col-md-4 post-793 post type-post status-publish format-standard has-post-thumbnail hentry category-aktuality\">\n\t\t\t\t\t<div class=\"entry-thumb\">\n\t\t\t\t\t\t\t\t\t<div class=\"news-thumb \">\n\t\t\t\t<a href=\"https:\/\/others.ucimesaweby.sk\/pedax\/2024\/01\/09\/ukoncenie-projektu-pedax\/\" title=\"Ukon\u010denie projektu PEDAX\">\n\t\t\t\t\t<img loading=\"lazy\" decoding=\"async\" width=\"720\" height=\"405\" src=\"https:\/\/others.ucimesaweby.sk\/pedax\/wp-content\/uploads\/2023\/02\/Metodicky_den_pedax00002-720x405.jpg\" class=\"attachment-futurio-med size-futurio-med wp-post-image\" alt=\"\" srcset=\"https:\/\/others.ucimesaweby.sk\/pedax\/wp-content\/uploads\/2023\/02\/Metodicky_den_pedax00002-720x405.jpg 720w, https:\/\/others.ucimesaweby.sk\/pedax\/wp-content\/uploads\/2023\/02\/Metodicky_den_pedax00002-1140x641.jpg 1140w\" sizes=\"auto, (max-width: 720px) 100vw, 720px\" \/>\t\t\t\t<\/a>\n\t\t\t<\/div><!-- .news-thumb -->\n\t\t\t\t\n\t\t\t\t\t<\/div>\t\t\t\t\t\t\n  \t\t\t\t<h4 class=\"entry-title\"><a href=\"https:\/\/others.ucimesaweby.sk\/pedax\/2024\/01\/09\/ukoncenie-projektu-pedax\/\" rel=\"bookmark\">Ukon\u010denie projektu PEDAX<\/a><\/h4>          <div class=\"f-line\"><\/div>\n\t\t\t\t\t<div class=\"post-excerpt\">\n\t\t\t\t\tD\u0148a 31. 12. 2023 sme ukon\u010dili pr\u00e1cu na v\u0161etk\u00fdch aktivit\u00e1ch projektu, \u010d\u00edm do\u0161lo k naplneniu&hellip;          <\/div>\n\t\t\t\t<\/article>\n\t\t\t\t\t\t\t<article id=\"post-791\" class=\"news-item text-center col-md-4 post-791 post type-post status-publish format-standard has-post-thumbnail hentry category-aktuality\">\n\t\t\t\t\t<div class=\"entry-thumb\">\n\t\t\t\t\t\t\t\t\t<div class=\"news-thumb \">\n\t\t\t\t<a href=\"https:\/\/others.ucimesaweby.sk\/pedax\/2023\/12\/15\/konecna-verzia-metodickych-pokynov-a-podpornej-dokumentacie\/\" title=\"Kone\u010dn\u00e1 verzia metodick\u00fdch pokynov a podpornej dokument\u00e1cie\u00a0\">\n\t\t\t\t\t<img loading=\"lazy\" decoding=\"async\" width=\"720\" height=\"405\" src=\"https:\/\/others.ucimesaweby.sk\/pedax\/wp-content\/uploads\/2022\/05\/PEDAX_others-7-720x405.jpg\" class=\"attachment-futurio-med size-futurio-med wp-post-image\" alt=\"\" srcset=\"https:\/\/others.ucimesaweby.sk\/pedax\/wp-content\/uploads\/2022\/05\/PEDAX_others-7-720x405.jpg 720w, https:\/\/others.ucimesaweby.sk\/pedax\/wp-content\/uploads\/2022\/05\/PEDAX_others-7-1140x641.jpg 1140w\" sizes=\"auto, (max-width: 720px) 100vw, 720px\" \/>\t\t\t\t<\/a>\n\t\t\t<\/div><!-- .news-thumb -->\n\t\t\t\t\n\t\t\t\t\t<\/div>\t\t\t\t\t\t\n  \t\t\t\t<h4 class=\"entry-title\"><a href=\"https:\/\/others.ucimesaweby.sk\/pedax\/2023\/12\/15\/konecna-verzia-metodickych-pokynov-a-podpornej-dokumentacie\/\" rel=\"bookmark\">Kone\u010dn\u00e1 verzia metodick\u00fdch pokynov a podpornej dokument\u00e1cie\u00a0<\/a><\/h4>          <div class=\"f-line\"><\/div>\n\t\t\t\t\t<div class=\"post-excerpt\">\n\t\t\t\t\tV z\u00e1vere projektu do\u0161lo k modifik\u00e1cii projektovej dokument\u00e1cie &#8211; nosn\u00e9ho v\u00fdstupu, ktor\u00fdm s\u00fa metodick\u00e9 pokyny&hellip;          <\/div>\n\t\t\t\t<\/article>\n\t\t\t\t\t\t\t<article id=\"post-755\" class=\"news-item text-center col-md-4 post-755 post type-post status-publish format-standard has-post-thumbnail hentry category-aktuality category-workshopy\">\n\t\t\t\t\t<div class=\"entry-thumb\">\n\t\t\t\t\t\t\t\t\t<div class=\"news-thumb \">\n\t\t\t\t<a href=\"https:\/\/others.ucimesaweby.sk\/pedax\/2023\/10\/17\/uskutocnil-sa-workshop-projektu-pedax\/\" title=\"Uskuto\u010dnil sa WORKSHOP projektu PEDAX\">\n\t\t\t\t\t<img loading=\"lazy\" decoding=\"async\" width=\"720\" height=\"405\" src=\"https:\/\/others.ucimesaweby.sk\/pedax\/wp-content\/uploads\/2023\/10\/Pedax-Workshop-16.10-9-720x405.jpg\" class=\"attachment-futurio-med size-futurio-med wp-post-image\" alt=\"\" srcset=\"https:\/\/others.ucimesaweby.sk\/pedax\/wp-content\/uploads\/2023\/10\/Pedax-Workshop-16.10-9-720x405.jpg 720w, https:\/\/others.ucimesaweby.sk\/pedax\/wp-content\/uploads\/2023\/10\/Pedax-Workshop-16.10-9-1140x641.jpg 1140w\" sizes=\"auto, (max-width: 720px) 100vw, 720px\" \/>\t\t\t\t<\/a>\n\t\t\t<\/div><!-- .news-thumb -->\n\t\t\t\t\n\t\t\t\t\t<\/div>\t\t\t\t\t\t\n  \t\t\t\t<h4 class=\"entry-title\"><a href=\"https:\/\/others.ucimesaweby.sk\/pedax\/2023\/10\/17\/uskutocnil-sa-workshop-projektu-pedax\/\" rel=\"bookmark\">Uskuto\u010dnil sa WORKSHOP projektu PEDAX<\/a><\/h4>          <div class=\"f-line\"><\/div>\n\t\t\t\t\t<div class=\"post-excerpt\">\n\t\t\t\t\tD\u0148a 16. 10. 2023 sa aj za \u00fa\u010dasti \u0161tudentov 1. ro\u010dn\u00edka Bc. \u0161t\u00fadia uskuto\u010dnil WORKSHOP&hellip;          <\/div>\n\t\t\t\t<\/article>\n\t\t\t\t\t\t\t<article id=\"post-745\" class=\"news-item text-center col-md-4 post-745 post type-post status-publish format-standard has-post-thumbnail hentry category-aktuality\">\n\t\t\t\t\t<div class=\"entry-thumb\">\n\t\t\t\t\t\t\t\t\t<div class=\"news-thumb \">\n\t\t\t\t<a href=\"https:\/\/others.ucimesaweby.sk\/pedax\/2023\/10\/09\/pripravujeme-workshop-pedax-16-10-2023\/\" title=\"Pripravujeme: Workshop PEDAX &#8211; 16.10.2023\">\n\t\t\t\t\t<img loading=\"lazy\" decoding=\"async\" width=\"720\" height=\"405\" src=\"https:\/\/others.ucimesaweby.sk\/pedax\/wp-content\/uploads\/2023\/02\/Metodicky_den_pedax00001-720x405.jpg\" class=\"attachment-futurio-med size-futurio-med wp-post-image\" alt=\"\" srcset=\"https:\/\/others.ucimesaweby.sk\/pedax\/wp-content\/uploads\/2023\/02\/Metodicky_den_pedax00001-720x405.jpg 720w, https:\/\/others.ucimesaweby.sk\/pedax\/wp-content\/uploads\/2023\/02\/Metodicky_den_pedax00001-1140x641.jpg 1140w\" sizes=\"auto, (max-width: 720px) 100vw, 720px\" \/>\t\t\t\t<\/a>\n\t\t\t<\/div><!-- .news-thumb -->\n\t\t\t\t\n\t\t\t\t\t<\/div>\t\t\t\t\t\t\n  \t\t\t\t<h4 class=\"entry-title\"><a href=\"https:\/\/others.ucimesaweby.sk\/pedax\/2023\/10\/09\/pripravujeme-workshop-pedax-16-10-2023\/\" rel=\"bookmark\">Pripravujeme: Workshop PEDAX &#8211; 16.10.2023<\/a><\/h4>          <div class=\"f-line\"><\/div>\n\t\t\t\t\t<div class=\"post-excerpt\">\n\t\t\t\t\tD\u0148a\u00a016. okt\u00f3bra 2023 od 12:00 do 14:00 hod. sa\u00a0v miestnosti AFS09 (budova rektor\u00e1tu UNIZA)\u00a0uskuto\u010dn\u00ed workshop&hellip;          <\/div>\n\t\t\t\t<\/article>\n\t\t\t\t\t\t\t<article id=\"post-705\" class=\"news-item text-center col-md-4 post-705 post type-post status-publish format-standard has-post-thumbnail hentry category-aktuality\">\n\t\t\t\t\t<div class=\"entry-thumb\">\n\t\t\t\t\t\t\t\t\t<div class=\"news-thumb \">\n\t\t\t\t<a href=\"https:\/\/others.ucimesaweby.sk\/pedax\/2023\/10\/06\/vedecka-konferencia-pregradualna-priprava\/\" title=\"4.10.2023 sa konala vedeck\u00e1 konferencia: Pregradu\u00e1lna pr\u00edprava bud\u00facich pedagogick\u00fdch zamestnancov\">\n\t\t\t\t\t<img loading=\"lazy\" decoding=\"async\" width=\"720\" height=\"405\" src=\"https:\/\/others.ucimesaweby.sk\/pedax\/wp-content\/uploads\/2023\/10\/PEDAX-konferencia-4.10-6-720x405.jpg\" class=\"attachment-futurio-med size-futurio-med wp-post-image\" alt=\"\" srcset=\"https:\/\/others.ucimesaweby.sk\/pedax\/wp-content\/uploads\/2023\/10\/PEDAX-konferencia-4.10-6-720x405.jpg 720w, https:\/\/others.ucimesaweby.sk\/pedax\/wp-content\/uploads\/2023\/10\/PEDAX-konferencia-4.10-6-1140x641.jpg 1140w\" sizes=\"auto, (max-width: 720px) 100vw, 720px\" \/>\t\t\t\t<\/a>\n\t\t\t<\/div><!-- .news-thumb -->\n\t\t\t\t\n\t\t\t\t\t<\/div>\t\t\t\t\t\t\n  \t\t\t\t<h4 class=\"entry-title\"><a href=\"https:\/\/others.ucimesaweby.sk\/pedax\/2023\/10\/06\/vedecka-konferencia-pregradualna-priprava\/\" rel=\"bookmark\">4.10.2023 sa konala vedeck\u00e1 konferencia: Pregradu\u00e1lna pr\u00edprava bud\u00facich pedagogick\u00fdch zamestnancov<\/a><\/h4>          <div class=\"f-line\"><\/div>\n\t\t\t\t\t<div class=\"post-excerpt\">\n\t\t\t\t\tD\u0148a 4. 10. 2023 sa na p\u00f4de \u017dilinskej univerzity v \u017diline, Fakulty humanitn\u00fdch vied uskuto\u010dnila&hellip;          <\/div>\n\t\t\t\t<\/article>\n\t\t\t\t\t\t\t<article id=\"post-696\" class=\"news-item text-center col-md-4 post-696 post type-post status-publish format-standard has-post-thumbnail hentry category-aktuality\">\n\t\t\t\t\t<div class=\"entry-thumb\">\n\t\t\t\t\t\t\t\t\t<div class=\"news-thumb \">\n\t\t\t\t<a href=\"https:\/\/others.ucimesaweby.sk\/pedax\/2023\/10\/01\/pregradualna-priprava-buducich-pedagogickych-zamestnancov-aktualne-trendy-inovacie-a-vyzvy\/\" title=\"Pripravujeme: Pregradu\u00e1lna pr\u00edprava bud\u00facich pedagogick\u00fdch zamestnancov: aktu\u00e1lne trendy, inov\u00e1cie a v\u00fdzvy\">\n\t\t\t\t\t<img loading=\"lazy\" decoding=\"async\" width=\"720\" height=\"405\" src=\"https:\/\/others.ucimesaweby.sk\/pedax\/wp-content\/uploads\/2023\/02\/Metodicky_den_pedax00012-720x405.jpg\" class=\"attachment-futurio-med size-futurio-med wp-post-image\" alt=\"\" srcset=\"https:\/\/others.ucimesaweby.sk\/pedax\/wp-content\/uploads\/2023\/02\/Metodicky_den_pedax00012-720x405.jpg 720w, https:\/\/others.ucimesaweby.sk\/pedax\/wp-content\/uploads\/2023\/02\/Metodicky_den_pedax00012-1140x641.jpg 1140w\" sizes=\"auto, (max-width: 720px) 100vw, 720px\" \/>\t\t\t\t<\/a>\n\t\t\t<\/div><!-- .news-thumb -->\n\t\t\t\t\n\t\t\t\t\t<\/div>\t\t\t\t\t\t\n  \t\t\t\t<h4 class=\"entry-title\"><a href=\"https:\/\/others.ucimesaweby.sk\/pedax\/2023\/10\/01\/pregradualna-priprava-buducich-pedagogickych-zamestnancov-aktualne-trendy-inovacie-a-vyzvy\/\" rel=\"bookmark\">Pripravujeme: Pregradu\u00e1lna pr\u00edprava bud\u00facich pedagogick\u00fdch zamestnancov: aktu\u00e1lne trendy, inov\u00e1cie a v\u00fdzvy<\/a><\/h4>          <div class=\"f-line\"><\/div>\n\t\t\t\t\t<div class=\"post-excerpt\">\n\t\t\t\t\tD\u0148a 4. 10. 2023 sa na p\u00f4de \u017dilinskej univerzity v \u017diline, Fakulty humanitn\u00fdch vied uskuto\u010dn\u00ed&hellip;          <\/div>\n\t\t\t\t<\/article>\n\t\t\t\t\t\t\t<article id=\"post-638\" class=\"news-item text-center col-md-4 post-638 post type-post status-publish format-standard has-post-thumbnail hentry category-aktuality\">\n\t\t\t\t\t<div class=\"entry-thumb\">\n\t\t\t\t\t\t\t\t\t<div class=\"news-thumb \">\n\t\t\t\t<a href=\"https:\/\/others.ucimesaweby.sk\/pedax\/2023\/01\/23\/pozvanka-na-metodicky-den\/\" title=\"Pozv\u00e1nka na metodick\u00fd de\u0148\">\n\t\t\t\t\t<img loading=\"lazy\" decoding=\"async\" width=\"720\" height=\"405\" src=\"https:\/\/others.ucimesaweby.sk\/pedax\/wp-content\/uploads\/2022\/06\/20220531_110316-720x405.jpg\" class=\"attachment-futurio-med size-futurio-med wp-post-image\" alt=\"\" srcset=\"https:\/\/others.ucimesaweby.sk\/pedax\/wp-content\/uploads\/2022\/06\/20220531_110316-720x405.jpg 720w, https:\/\/others.ucimesaweby.sk\/pedax\/wp-content\/uploads\/2022\/06\/20220531_110316-1140x641.jpg 1140w\" sizes=\"auto, (max-width: 720px) 100vw, 720px\" \/>\t\t\t\t<\/a>\n\t\t\t<\/div><!-- .news-thumb -->\n\t\t\t\t\n\t\t\t\t\t<\/div>\t\t\t\t\t\t\n  \t\t\t\t<h4 class=\"entry-title\"><a href=\"https:\/\/others.ucimesaweby.sk\/pedax\/2023\/01\/23\/pozvanka-na-metodicky-den\/\" rel=\"bookmark\">Pozv\u00e1nka na metodick\u00fd de\u0148<\/a><\/h4>          <div class=\"f-line\"><\/div>\n\t\t\t\t\t<div class=\"post-excerpt\">\n\t\t\t\t\tFakulta humanitn\u00fdch vied \u017dilinskej univerzity v \u017diline v\u00e1s poz\u00fdva na Metodick\u00fd de\u0148 v r\u00e1mci projektu&hellip;          <\/div>\n\t\t\t\t<\/article>\n\t\t\t\t\t\t\t<article id=\"post-620\" class=\"news-item text-center col-md-4 post-620 post type-post status-publish format-standard has-post-thumbnail hentry category-aktuality\">\n\t\t\t\t\t<div class=\"entry-thumb\">\n\t\t\t\t\t\t\t\t\t<div class=\"news-thumb \">\n\t\t\t\t<a href=\"https:\/\/others.ucimesaweby.sk\/pedax\/2023\/01\/09\/zbornik-changes-and-challenges-of-increasing-the-quality-of-preparation-of-prospective-teachers-in-european-countries\/\" title=\"Zborn\u00edk &#8211; Changes and Challenges of Increasing the Quality of Preparation of Prospective Teachers in European Countries\">\n\t\t\t\t\t<img loading=\"lazy\" decoding=\"async\" width=\"720\" height=\"405\" src=\"https:\/\/others.ucimesaweby.sk\/pedax\/wp-content\/uploads\/2022\/05\/PEDAX_others-7-720x405.jpg\" class=\"attachment-futurio-med size-futurio-med wp-post-image\" alt=\"\" srcset=\"https:\/\/others.ucimesaweby.sk\/pedax\/wp-content\/uploads\/2022\/05\/PEDAX_others-7-720x405.jpg 720w, https:\/\/others.ucimesaweby.sk\/pedax\/wp-content\/uploads\/2022\/05\/PEDAX_others-7-1140x641.jpg 1140w\" sizes=\"auto, (max-width: 720px) 100vw, 720px\" \/>\t\t\t\t<\/a>\n\t\t\t<\/div><!-- .news-thumb -->\n\t\t\t\t\n\t\t\t\t\t<\/div>\t\t\t\t\t\t\n  \t\t\t\t<h4 class=\"entry-title\"><a href=\"https:\/\/others.ucimesaweby.sk\/pedax\/2023\/01\/09\/zbornik-changes-and-challenges-of-increasing-the-quality-of-preparation-of-prospective-teachers-in-european-countries\/\" rel=\"bookmark\">Zborn\u00edk &#8211; Changes and Challenges of Increasing the Quality of Preparation of Prospective Teachers in European Countries<\/a><\/h4>          <div class=\"f-line\"><\/div>\n\t\t\t\t\t<div class=\"post-excerpt\">\n\t\t\t\t\tZborn\u00edk na stiahnutie          <\/div>\n\t\t\t\t<\/article>\n\t\t\t\t\t\t<\/div>\n\t\t<\/div>\n\n\t\t\n\t\t\t\t<\/div>\n\t\t\t\t<\/div>\n\t\t\t\t\t<\/div>\n\t\t<\/div>\n\t\t\t\t\t\t\t<\/div>\n\t\t<\/section>\n\t\t\t\t\t\t\t<\/div>\n\t\t","protected":false},"excerpt":{"rendered":"<p>Ahoj svet! Vitajte vo WordPress. Toto je v\u00e1\u0161 prv\u00fd \u010dl\u00e1nok. Upravte ho alebo zma\u017ete a za\u010dnite p\u00edsa\u0165! Donec iaculis gravida nulla Lorem ipsum dolor sit amet, consectetuer adipiscing elit. Duis risus. Nullam sit amet magna in&hellip; Etiam bibendum elit eget erat Lorem ipsum dolor sit amet, consectetuer adipiscing elit. Duis risus. Nullam sit amet magna&hellip;<\/p>\n","protected":false},"author":1,"featured_media":0,"parent":0,"menu_order":0,"comment_status":"closed","ping_status":"closed","template":"","meta":{"footnotes":""},"folder":[],"class_list":["post-186","page","type-page","status-publish","hentry"],"aioseo_notices":[],"_links":{"self":[{"href":"https:\/\/others.ucimesaweby.sk\/pedax\/wp-json\/wp\/v2\/pages\/186","targetHints":{"allow":["GET"]}}],"collection":[{"href":"https:\/\/others.ucimesaweby.sk\/pedax\/wp-json\/wp\/v2\/pages"}],"about":[{"href":"https:\/\/others.ucimesaweby.sk\/pedax\/wp-json\/wp\/v2\/types\/page"}],"author":[{"embeddable":true,"href":"https:\/\/others.ucimesaweby.sk\/pedax\/wp-json\/wp\/v2\/users\/1"}],"replies":[{"embeddable":true,"href":"https:\/\/others.ucimesaweby.sk\/pedax\/wp-json\/wp\/v2\/comments?post=186"}],"version-history":[{"count":10,"href":"https:\/\/others.ucimesaweby.sk\/pedax\/wp-json\/wp\/v2\/pages\/186\/revisions"}],"predecessor-version":[{"id":440,"href":"https:\/\/others.ucimesaweby.sk\/pedax\/wp-json\/wp\/v2\/pages\/186\/revisions\/440"}],"wp:attachment":[{"href":"https:\/\/others.ucimesaweby.sk\/pedax\/wp-json\/wp\/v2\/media?parent=186"}],"wp:term":[{"taxonomy":"folder","embeddable":true,"href":"https:\/\/others.ucimesaweby.sk\/pedax\/wp-json\/wp\/v2\/folder?post=186"}],"curies":[{"name":"wp","href":"https:\/\/api.w.org\/{rel}","templated":true}]}}