{"id":460,"date":"2022-10-06T09:31:53","date_gmt":"2022-10-06T08:31:53","guid":{"rendered":"https:\/\/others.ucimesaweby.sk\/kontakt\/?page_id=460"},"modified":"2022-11-30T17:01:31","modified_gmt":"2022-11-30T16:01:31","slug":"rozhovory-s-profesormi","status":"publish","type":"page","link":"https:\/\/others.ucimesaweby.sk\/kontakt\/rozhovory-s-profesormi\/","title":{"rendered":"Na slov\u00ed\u010dko s&#8230;"},"content":{"rendered":"\t\t<div data-elementor-type=\"wp-page\" data-elementor-id=\"460\" class=\"elementor elementor-460\">\n\t\t\t\t\t\t\t\t\t<section class=\"elementor-section elementor-top-section elementor-element elementor-element-5dfd342 elementor-section-boxed elementor-section-height-default elementor-section-height-default\" data-id=\"5dfd342\" data-element_type=\"section\">\n\t\t\t\t\t\t<div class=\"elementor-container elementor-column-gap-default\">\n\t\t\t\t\t<div class=\"elementor-column elementor-col-100 elementor-top-column elementor-element elementor-element-4fa1de0\" data-id=\"4fa1de0\" data-element_type=\"column\">\n\t\t\t<div class=\"elementor-widget-wrap elementor-element-populated\">\n\t\t\t\t\t\t\t\t<div class=\"elementor-element elementor-element-5149152 elementor-widget elementor-widget-eael-post-timeline\" data-id=\"5149152\" data-element_type=\"widget\" data-widget_type=\"eael-post-timeline.default\">\n\t\t\t\t<div class=\"elementor-widget-container\">\n\t\t\t<div id=\"eael-post-timeline-5149152\" class=\"eael-post-timeline timeline-layout-default eael-post-timeline-arrow-\">\n            <div class=\"eael-post-timeline eael-post-appender eael-post-appender-5149152\"><article class=\"eael-timeline-post eael-timeline-column\">\n    <div class=\"eael-timeline-bullet\"><\/div>\n    <div class=\"eael-timeline-post-inner\">\n        <a class=\"eael-timeline-post-link\" href=\"https:\/\/others.ucimesaweby.sk\/kontakt\/phdr-slavka-pitonakova-phd\/\" title=\"PhDr. Slavka Pito\u0148\u00e1kov\u00e1, PhD.\">\n            <time datetime=\"23 novembra, 2022\">23 novembra, 2022<\/time>\n            <div class=\"eael-timeline-post-image attachment-medium size-medium\" style=\"background-image: url(https:\/\/others.ucimesaweby.sk\/kontakt\/wp-content\/uploads\/2022\/11\/Piton\u030cakova\u0301-300x191.png);\"><\/div><div class=\"eael-timeline-post-excerpt\"><p>Rozhovor s pani dekankou Slavkou Pito\u0148\u00e1kovou je zameran\u00fd na jej...<\/p><\/div><div class=\"eael-timeline-post-title\">\n                    <h2 class=\"eael-timeline-post-title-text\">PhDr. Slavka Pito\u0148\u00e1kov\u00e1, PhD.<\/h2>\n                <\/div><\/a>\n    <\/div>\n<\/article><article class=\"eael-timeline-post eael-timeline-column\">\n    <div class=\"eael-timeline-bullet\"><\/div>\n    <div class=\"eael-timeline-post-inner\">\n        <a class=\"eael-timeline-post-link\" href=\"https:\/\/others.ucimesaweby.sk\/kontakt\/mgr-daniel-stehlik\/\" title=\"Mgr. Daniel Stehl\u00edk\">\n            <time datetime=\"23 novembra, 2022\">23 novembra, 2022<\/time>\n            <div class=\"eael-timeline-post-image attachment-medium size-medium\" style=\"background-image: url(https:\/\/others.ucimesaweby.sk\/kontakt\/wp-content\/uploads\/2022\/11\/1B6A4268-300x200.jpg);\"><\/div><div class=\"eael-timeline-post-excerpt\"><p>V rozhovore s doktorandom Danielom Stehl\u00edkom sa s nami podelil...<\/p><\/div><div class=\"eael-timeline-post-title\">\n                    <h2 class=\"eael-timeline-post-title-text\">Mgr. Daniel Stehl\u00edk<\/h2>\n                <\/div><\/a>\n    <\/div>\n<\/article><article class=\"eael-timeline-post eael-timeline-column\">\n    <div class=\"eael-timeline-bullet\"><\/div>\n    <div class=\"eael-timeline-post-inner\">\n        <a class=\"eael-timeline-post-link\" href=\"https:\/\/others.ucimesaweby.sk\/kontakt\/doc-marian-grupac-phd\/\" title=\"Doc. Mari\u00e1n Grupa\u010d, PhD.\">\n            <time datetime=\"23 novembra, 2022\">23 novembra, 2022<\/time>\n            <div class=\"eael-timeline-post-image attachment-medium size-medium\" style=\"background-image: url(https:\/\/others.ucimesaweby.sk\/kontakt\/wp-content\/uploads\/2022\/11\/1B6A4302-300x200.jpg);\"><\/div><div class=\"eael-timeline-post-excerpt\"><p>Prv\u00fd rozhovor je s docentom Mari\u00e1nom Grupa\u010dom, ktor\u00fd sa s...<\/p><\/div><div class=\"eael-timeline-post-title\">\n                    <h2 class=\"eael-timeline-post-title-text\">Doc. Mari\u00e1n Grupa\u010d, PhD.<\/h2>\n                <\/div><\/a>\n    <\/div>\n<\/article><\/div>\n\t\t<\/div>\t\t<\/div>\n\t\t\t\t<\/div>\n\t\t\t\t\t<\/div>\n\t\t<\/div>\n\t\t\t\t\t\t\t<\/div>\n\t\t<\/section>\n\t\t\t\t\t\t\t<\/div>\n\t\t","protected":false},"excerpt":{"rendered":"<p>November 23, 2022 PhDr. Slavka Pito\u0148\u00e1kov\u00e1, PhD. November 23, 2022 Mgr. Daniel Stehl\u00edk November 23, 2022 Doc. Mari\u00e1n Grupa\u010d, PhD.<\/p>\n","protected":false},"author":1,"featured_media":751,"parent":0,"menu_order":0,"comment_status":"closed","ping_status":"closed","template":"","meta":{"site-sidebar-layout":"no-sidebar","site-content-layout":"page-builder","ast-site-content-layout":"","site-content-style":"default","site-sidebar-style":"default","ast-global-header-display":"","ast-banner-title-visibility":"","ast-main-header-display":"","ast-hfb-above-header-display":"","ast-hfb-below-header-display":"","ast-hfb-mobile-header-display":"","site-post-title":"disabled","ast-breadcrumbs-content":"","ast-featured-img":"disabled","footer-sml-layout":"","theme-transparent-header-meta":"","adv-header-id-meta":"","stick-header-meta":"","header-above-stick-meta":"","header-main-stick-meta":"","header-below-stick-meta":"","astra-migrate-meta-layouts":"","footnotes":""},"_links":{"self":[{"href":"https:\/\/others.ucimesaweby.sk\/kontakt\/wp-json\/wp\/v2\/pages\/460"}],"collection":[{"href":"https:\/\/others.ucimesaweby.sk\/kontakt\/wp-json\/wp\/v2\/pages"}],"about":[{"href":"https:\/\/others.ucimesaweby.sk\/kontakt\/wp-json\/wp\/v2\/types\/page"}],"author":[{"embeddable":true,"href":"https:\/\/others.ucimesaweby.sk\/kontakt\/wp-json\/wp\/v2\/users\/1"}],"replies":[{"embeddable":true,"href":"https:\/\/others.ucimesaweby.sk\/kontakt\/wp-json\/wp\/v2\/comments?post=460"}],"version-history":[{"count":14,"href":"https:\/\/others.ucimesaweby.sk\/kontakt\/wp-json\/wp\/v2\/pages\/460\/revisions"}],"predecessor-version":[{"id":1387,"href":"https:\/\/others.ucimesaweby.sk\/kontakt\/wp-json\/wp\/v2\/pages\/460\/revisions\/1387"}],"wp:featuredmedia":[{"embeddable":true,"href":"https:\/\/others.ucimesaweby.sk\/kontakt\/wp-json\/wp\/v2\/media\/751"}],"wp:attachment":[{"href":"https:\/\/others.ucimesaweby.sk\/kontakt\/wp-json\/wp\/v2\/media?parent=460"}],"curies":[{"name":"wp","href":"https:\/\/api.w.org\/{rel}","templated":true}]}}