{"id":454,"date":"2022-10-06T09:30:35","date_gmt":"2022-10-06T09:30:35","guid":{"rendered":"https:\/\/others.ucimesaweby.sk\/kontakt\/?page_id=454"},"modified":"2022-11-23T19:46:52","modified_gmt":"2022-11-23T19:46:52","slug":"pribehy-z-unizy","status":"publish","type":"page","link":"https:\/\/others.ucimesaweby.sk\/kontakt\/pribehy-z-unizy\/","title":{"rendered":"Pr\u00edbehy z UNIZY"},"content":{"rendered":"\t\t<div data-elementor-type=\"wp-page\" data-elementor-id=\"454\" class=\"elementor elementor-454\">\n\t\t\t\t\t\t\t\t\t<section class=\"elementor-section elementor-top-section elementor-element elementor-element-bad59c0 elementor-section-boxed elementor-section-height-default elementor-section-height-default\" data-id=\"bad59c0\" data-element_type=\"section\">\n\t\t\t\t\t\t<div class=\"elementor-container elementor-column-gap-default\">\n\t\t\t\t\t<div class=\"elementor-column elementor-col-100 elementor-top-column elementor-element elementor-element-6257960\" data-id=\"6257960\" data-element_type=\"column\">\n\t\t\t<div class=\"elementor-widget-wrap elementor-element-populated\">\n\t\t\t\t\t\t\t\t<div class=\"elementor-element elementor-element-9d6d523 elementor-widget elementor-widget-eael-post-timeline\" data-id=\"9d6d523\" data-element_type=\"widget\" data-widget_type=\"eael-post-timeline.default\">\n\t\t\t\t<div class=\"elementor-widget-container\">\n\t\t\t<div id=\"eael-post-timeline-9d6d523\" class=\"eael-post-timeline timeline-layout-default eael-post-timeline-arrow-\">\n            <div class=\"eael-post-timeline eael-post-appender eael-post-appender-9d6d523\"><article class=\"eael-timeline-post eael-timeline-column\">\n    <div class=\"eael-timeline-bullet\"><\/div>\n    <div class=\"eael-timeline-post-inner\">\n        <a class=\"eael-timeline-post-link\" href=\"https:\/\/others.ucimesaweby.sk\/kontakt\/studentka-3-rocnika\/\" title=\"KE\u010e SA DAR\u00cd\u2026\">\n            <time datetime=\"23 novembra, 2022\">23 novembra, 2022<\/time>\n            <div class=\"eael-timeline-post-image attachment-medium size-medium\" style=\"background-image: url();\"><\/div><div class=\"eael-timeline-post-excerpt\"><p>KE\u010e SA DAR\u00cd\u2026 V\u0161etci vieme, \u017ee imatrikul\u00e1cia je d\u00f4le\u017eitou s\u00fa\u010das\u0165ou...<\/p><\/div><div class=\"eael-timeline-post-title\">\n                    <h2 class=\"eael-timeline-post-title-text\">KE\u010e SA DAR\u00cd\u2026<\/h2>\n                <\/div><\/a>\n    <\/div>\n<\/article><article class=\"eael-timeline-post eael-timeline-column\">\n    <div class=\"eael-timeline-bullet\"><\/div>\n    <div class=\"eael-timeline-post-inner\">\n        <a class=\"eael-timeline-post-link\" href=\"https:\/\/others.ucimesaweby.sk\/kontakt\/studentka-4-rocnika\/\" title=\"J\u00c1N ALEBO FILIP?\">\n            <time datetime=\"23 novembra, 2022\">23 novembra, 2022<\/time>\n            <div class=\"eael-timeline-post-image attachment-medium size-medium\" style=\"background-image: url();\"><\/div><div class=\"eael-timeline-post-excerpt\"><p>J\u00c1N ALEBO FILIP? V triede sme mali Slov\u00e1ka, ktor\u00fd sa...<\/p><\/div><div class=\"eael-timeline-post-title\">\n                    <h2 class=\"eael-timeline-post-title-text\">J\u00c1N ALEBO FILIP?<\/h2>\n                <\/div><\/a>\n    <\/div>\n<\/article><article class=\"eael-timeline-post eael-timeline-column\">\n    <div class=\"eael-timeline-bullet\"><\/div>\n    <div class=\"eael-timeline-post-inner\">\n        <a class=\"eael-timeline-post-link\" href=\"https:\/\/others.ucimesaweby.sk\/kontakt\/student-3-rocnika\/\" title=\",,LEN\u201d 15 MIN\u00daT\u2026\">\n            <time datetime=\"23 novembra, 2022\">23 novembra, 2022<\/time>\n            <div class=\"eael-timeline-post-image attachment-medium size-medium\" style=\"background-image: url();\"><\/div><div class=\"eael-timeline-post-excerpt\"><p>,,LEN\u201d 15 MIN\u00daT\u2026 Prv\u00fd rok na UNIZA bol pre m\u0148a...<\/p><\/div><div class=\"eael-timeline-post-title\">\n                    <h2 class=\"eael-timeline-post-title-text\">,,LEN\u201d 15 MIN\u00daT\u2026<\/h2>\n                <\/div><\/a>\n    <\/div>\n<\/article><article class=\"eael-timeline-post eael-timeline-column\">\n    <div class=\"eael-timeline-bullet\"><\/div>\n    <div class=\"eael-timeline-post-inner\">\n        <a class=\"eael-timeline-post-link\" href=\"https:\/\/others.ucimesaweby.sk\/kontakt\/student-4-rocnika-2\/\" title=\"NEVYDAREN\u00dd POKUS\">\n            <time datetime=\"23 novembra, 2022\">23 novembra, 2022<\/time>\n            <div class=\"eael-timeline-post-image attachment-medium size-medium\" style=\"background-image: url();\"><\/div><div class=\"eael-timeline-post-excerpt\"><p>NEVYDAREN\u00dd POKUS V prvom ro\u010dn\u00edku \u0161t\u00fadia sme po ne\u00faspe\u0161nej sk\u00fa\u0161ke...<\/p><\/div><div class=\"eael-timeline-post-title\">\n                    <h2 class=\"eael-timeline-post-title-text\">NEVYDAREN\u00dd POKUS<\/h2>\n                <\/div><\/a>\n    <\/div>\n<\/article><article class=\"eael-timeline-post eael-timeline-column\">\n    <div class=\"eael-timeline-bullet\"><\/div>\n    <div class=\"eael-timeline-post-inner\">\n        <a class=\"eael-timeline-post-link\" href=\"https:\/\/others.ucimesaweby.sk\/kontakt\/studentka-2-rocnika\/\" title=\"PREDN\u00c1\u0160KA TRO\u0160KU INAK\">\n            <time datetime=\"23 novembra, 2022\">23 novembra, 2022<\/time>\n            <div class=\"eael-timeline-post-image attachment-medium size-medium\" style=\"background-image: url();\"><\/div><div class=\"eael-timeline-post-excerpt\"><p>PREDN\u00c1\u0160KA TRO\u0160KU INAK Ako vieme, hor\u00face dni za\u010d\u00ednaj\u00fa u\u017e na...<\/p><\/div><div class=\"eael-timeline-post-title\">\n                    <h2 class=\"eael-timeline-post-title-text\">PREDN\u00c1\u0160KA TRO\u0160KU INAK<\/h2>\n                <\/div><\/a>\n    <\/div>\n<\/article><article class=\"eael-timeline-post eael-timeline-column\">\n    <div class=\"eael-timeline-bullet\"><\/div>\n    <div class=\"eael-timeline-post-inner\">\n        <a class=\"eael-timeline-post-link\" href=\"https:\/\/others.ucimesaweby.sk\/kontakt\/student-4-rocnika\/\" title=\"PRV\u00c1 AJ POSLEDN\u00c1 P\u00c1RTY\">\n            <time datetime=\"23 novembra, 2022\">23 novembra, 2022<\/time>\n            <div class=\"eael-timeline-post-image attachment-medium size-medium\" style=\"background-image: url();\"><\/div><div class=\"eael-timeline-post-excerpt\"><p>PRV\u00c1 AJ POSLEDN\u00c1 P\u00c1RTY M\u00e1m dos\u0165 zauj\u00edmav\u00fdch pr\u00edbehov, ale tento...<\/p><\/div><div class=\"eael-timeline-post-title\">\n                    <h2 class=\"eael-timeline-post-title-text\">PRV\u00c1 AJ POSLEDN\u00c1 P\u00c1RTY<\/h2>\n                <\/div><\/a>\n    <\/div>\n<\/article><article class=\"eael-timeline-post eael-timeline-column\">\n    <div class=\"eael-timeline-bullet\"><\/div>\n    <div class=\"eael-timeline-post-inner\">\n        <a class=\"eael-timeline-post-link\" href=\"https:\/\/others.ucimesaweby.sk\/kontakt\/studentka-1-rocnika\/\" title=\"NE\u010cAKAN\u00dd KAMAR\u00c1T\">\n            <time datetime=\"23 novembra, 2022\">23 novembra, 2022<\/time>\n            <div class=\"eael-timeline-post-image attachment-medium size-medium\" style=\"background-image: url();\"><\/div><div class=\"eael-timeline-post-excerpt\"><p>NE\u010cAKAN\u00dd KAMAR\u00c1T Ke\u010f som bola prv\u00fd de\u0148 na mojej izbe...<\/p><\/div><div class=\"eael-timeline-post-title\">\n                    <h2 class=\"eael-timeline-post-title-text\">NE\u010cAKAN\u00dd KAMAR\u00c1T<\/h2>\n                <\/div><\/a>\n    <\/div>\n<\/article><\/div>\n\t\t<\/div>\t\t<\/div>\n\t\t\t\t<\/div>\n\t\t\t\t\t<\/div>\n\t\t<\/div>\n\t\t\t\t\t\t\t<\/div>\n\t\t<\/section>\n\t\t\t\t\t\t\t<\/div>\n\t\t","protected":false},"excerpt":{"rendered":"<p>November 23, 2022 \u0160tudentka 3. ro\u010dn\u00edka November 23, 2022 \u0160tudentka 4. ro\u010dn\u00edka November 23, 2022 \u0160tudent 3. ro\u010dn\u00edka November 23, 2022 \u0160tudent 4. ro\u010dn\u00edka November 23, 2022 \u0160tudentka 2. ro\u010dn\u00edka November 23, 2022 \u0160tudent 4. ro\u010dn\u00edka November 23, 2022 \u0160tudentka 1. ro\u010dn\u00edka<\/p>\n","protected":false},"author":1,"featured_media":412,"parent":0,"menu_order":0,"comment_status":"closed","ping_status":"closed","template":"","meta":{"site-sidebar-layout":"no-sidebar","site-content-layout":"page-builder","ast-site-content-layout":"","site-content-style":"default","site-sidebar-style":"default","ast-global-header-display":"","ast-banner-title-visibility":"","ast-main-header-display":"","ast-hfb-above-header-display":"","ast-hfb-below-header-display":"","ast-hfb-mobile-header-display":"","site-post-title":"disabled","ast-breadcrumbs-content":"","ast-featured-img":"disabled","footer-sml-layout":"","theme-transparent-header-meta":"","adv-header-id-meta":"","stick-header-meta":"","header-above-stick-meta":"","header-main-stick-meta":"","header-below-stick-meta":"","astra-migrate-meta-layouts":"","footnotes":""},"_links":{"self":[{"href":"https:\/\/others.ucimesaweby.sk\/kontakt\/wp-json\/wp\/v2\/pages\/454"}],"collection":[{"href":"https:\/\/others.ucimesaweby.sk\/kontakt\/wp-json\/wp\/v2\/pages"}],"about":[{"href":"https:\/\/others.ucimesaweby.sk\/kontakt\/wp-json\/wp\/v2\/types\/page"}],"author":[{"embeddable":true,"href":"https:\/\/others.ucimesaweby.sk\/kontakt\/wp-json\/wp\/v2\/users\/1"}],"replies":[{"embeddable":true,"href":"https:\/\/others.ucimesaweby.sk\/kontakt\/wp-json\/wp\/v2\/comments?post=454"}],"version-history":[{"count":10,"href":"https:\/\/others.ucimesaweby.sk\/kontakt\/wp-json\/wp\/v2\/pages\/454\/revisions"}],"predecessor-version":[{"id":734,"href":"https:\/\/others.ucimesaweby.sk\/kontakt\/wp-json\/wp\/v2\/pages\/454\/revisions\/734"}],"wp:featuredmedia":[{"embeddable":true,"href":"https:\/\/others.ucimesaweby.sk\/kontakt\/wp-json\/wp\/v2\/media\/412"}],"wp:attachment":[{"href":"https:\/\/others.ucimesaweby.sk\/kontakt\/wp-json\/wp\/v2\/media?parent=454"}],"curies":[{"name":"wp","href":"https:\/\/api.w.org\/{rel}","templated":true}]}}