{"id":452,"date":"2022-10-06T09:30:17","date_gmt":"2022-10-06T09:30:17","guid":{"rendered":"https:\/\/others.ucimesaweby.sk\/kontakt\/?page_id=452"},"modified":"2022-11-29T20:29:46","modified_gmt":"2022-11-29T20:29:46","slug":"podujatia","status":"publish","type":"page","link":"https:\/\/others.ucimesaweby.sk\/kontakt\/podujatia\/","title":{"rendered":"Podujatia"},"content":{"rendered":"\t\t<div data-elementor-type=\"wp-page\" data-elementor-id=\"452\" class=\"elementor elementor-452\">\n\t\t\t\t\t\t\t\t\t<section class=\"elementor-section elementor-top-section elementor-element elementor-element-34bf6bb elementor-section-boxed elementor-section-height-default elementor-section-height-default\" data-id=\"34bf6bb\" data-element_type=\"section\">\n\t\t\t\t\t\t<div class=\"elementor-container elementor-column-gap-default\">\n\t\t\t\t\t<div class=\"elementor-column elementor-col-100 elementor-top-column elementor-element elementor-element-5094157\" data-id=\"5094157\" data-element_type=\"column\">\n\t\t\t<div class=\"elementor-widget-wrap elementor-element-populated\">\n\t\t\t\t\t\t\t\t<div class=\"elementor-element elementor-element-9757443 elementor-widget elementor-widget-eael-post-timeline\" data-id=\"9757443\" data-element_type=\"widget\" data-widget_type=\"eael-post-timeline.default\">\n\t\t\t\t<div class=\"elementor-widget-container\">\n\t\t\t<div id=\"eael-post-timeline-9757443\" class=\"eael-post-timeline timeline-layout-default eael-post-timeline-arrow-\">\n            <div class=\"eael-post-timeline eael-post-appender eael-post-appender-9757443\"><article class=\"eael-timeline-post eael-timeline-column\">\n    <div class=\"eael-timeline-bullet\"><\/div>\n    <div class=\"eael-timeline-post-inner\">\n        <a class=\"eael-timeline-post-link\" href=\"https:\/\/others.ucimesaweby.sk\/kontakt\/vianocne-trhy\/\" title=\"VIANO\u010cN\u00c9 TRHY\">\n            <time datetime=\"23 novembra, 2022\">23 novembra, 2022<\/time>\n            <div class=\"eael-timeline-post-image attachment-medium size-medium\" style=\"background-image: url(https:\/\/others.ucimesaweby.sk\/kontakt\/wp-content\/uploads\/2022\/11\/81567266_849729862124391_4626071422974820352_n-300x200.jpg);\"><\/div><div class=\"eael-timeline-post-excerpt\"><p>VIANO\u010cN\u00c9 TRHY 23.11. &#8211; 23.12. 2022 \u017dilina tento rok usporiada...<\/p><\/div><div class=\"eael-timeline-post-title\">\n                    <h2 class=\"eael-timeline-post-title-text\">VIANO\u010cN\u00c9 TRHY<\/h2>\n                <\/div><\/a>\n    <\/div>\n<\/article><article class=\"eael-timeline-post eael-timeline-column\">\n    <div class=\"eael-timeline-bullet\"><\/div>\n    <div class=\"eael-timeline-post-inner\">\n        <a class=\"eael-timeline-post-link\" href=\"https:\/\/others.ucimesaweby.sk\/kontakt\/tvorive-remeselne-dielne\/\" title=\"TVORIV\u00c9 REMESELN\u00c9 DIELNE\">\n            <time datetime=\"23 novembra, 2022\">23 novembra, 2022<\/time>\n            <div class=\"eael-timeline-post-image attachment-medium size-medium\" style=\"background-image: url(https:\/\/others.ucimesaweby.sk\/kontakt\/wp-content\/uploads\/2022\/11\/pexels-koolshooters-9736234-200x300.jpg);\"><\/div><div class=\"eael-timeline-post-excerpt\"><p>TVORIV\u00c9 REMESELN\u00c9 DIELNE 18.7. &#8211; 22.7. 2022 V r\u00e1mci \u017dilinsk\u00e9ho...<\/p><\/div><div class=\"eael-timeline-post-title\">\n                    <h2 class=\"eael-timeline-post-title-text\">TVORIV\u00c9 REMESELN\u00c9 DIELNE<\/h2>\n                <\/div><\/a>\n    <\/div>\n<\/article><article class=\"eael-timeline-post eael-timeline-column\">\n    <div class=\"eael-timeline-bullet\"><\/div>\n    <div class=\"eael-timeline-post-inner\">\n        <a class=\"eael-timeline-post-link\" href=\"https:\/\/others.ucimesaweby.sk\/kontakt\/staromestske-slavnosti\/\" title=\"STAROMESTSK\u00c9 SL\u00c1VNOSTI\">\n            <time datetime=\"23 novembra, 2022\">23 novembra, 2022<\/time>\n            <div class=\"eael-timeline-post-image attachment-medium size-medium\" style=\"background-image: url(https:\/\/others.ucimesaweby.sk\/kontakt\/wp-content\/uploads\/2022\/11\/MG_3433-1200x788-1-300x197.jpeg);\"><\/div><div class=\"eael-timeline-post-excerpt\"><p>STAROMESTSK\u00c9 SL\u00c1VNOSTI 16.6. &#8211; 18.6.2022 26. ro\u010dn\u00edk tohto ob\u013e\u00faben\u00e9ho \u017eilinsk\u00e9ho...<\/p><\/div><div class=\"eael-timeline-post-title\">\n                    <h2 class=\"eael-timeline-post-title-text\">STAROMESTSK\u00c9 SL\u00c1VNOSTI<\/h2>\n                <\/div><\/a>\n    <\/div>\n<\/article><\/div>\n\t\t<\/div>\t\t<\/div>\n\t\t\t\t<\/div>\n\t\t\t\t\t<\/div>\n\t\t<\/div>\n\t\t\t\t\t\t\t<\/div>\n\t\t<\/section>\n\t\t\t\t\t\t\t<\/div>\n\t\t","protected":false},"excerpt":{"rendered":"<p>November 23, 2022 VIANO\u010cN\u00c9 TRHY 23.11. &#8211; 23.12. 2022 \u017dilina tento rok usporiada&#8230; VIANO\u010cN\u00c9 TRHY November 23, 2022 TVORIV\u00c9 REMESELN\u00c9 DIELNE 18.7. &#8211; 22.7. 2022 V r\u00e1mci \u017dilinsk\u00e9ho&#8230; TVORIV\u00c9 REMESELN\u00c9 DIELNE November 23, 2022 STAROMESTSK\u00c9 SL\u00c1VNOSTI 16.6. &#8211; 18.6.2022 26. ro\u010dn\u00edk tohto ob\u013e\u00faben\u00e9ho \u017eilinsk\u00e9ho&#8230; STAROMESTSK\u00c9 SL\u00c1VNOSTI<\/p>\n","protected":false},"author":1,"featured_media":1122,"parent":0,"menu_order":0,"comment_status":"closed","ping_status":"closed","template":"","meta":{"site-sidebar-layout":"no-sidebar","site-content-layout":"page-builder","ast-site-content-layout":"","site-content-style":"default","site-sidebar-style":"default","ast-global-header-display":"","ast-banner-title-visibility":"","ast-main-header-display":"","ast-hfb-above-header-display":"","ast-hfb-below-header-display":"","ast-hfb-mobile-header-display":"","site-post-title":"disabled","ast-breadcrumbs-content":"","ast-featured-img":"disabled","footer-sml-layout":"","theme-transparent-header-meta":"","adv-header-id-meta":"","stick-header-meta":"","header-above-stick-meta":"","header-main-stick-meta":"","header-below-stick-meta":"","astra-migrate-meta-layouts":"","footnotes":""},"_links":{"self":[{"href":"https:\/\/others.ucimesaweby.sk\/kontakt\/wp-json\/wp\/v2\/pages\/452"}],"collection":[{"href":"https:\/\/others.ucimesaweby.sk\/kontakt\/wp-json\/wp\/v2\/pages"}],"about":[{"href":"https:\/\/others.ucimesaweby.sk\/kontakt\/wp-json\/wp\/v2\/types\/page"}],"author":[{"embeddable":true,"href":"https:\/\/others.ucimesaweby.sk\/kontakt\/wp-json\/wp\/v2\/users\/1"}],"replies":[{"embeddable":true,"href":"https:\/\/others.ucimesaweby.sk\/kontakt\/wp-json\/wp\/v2\/comments?post=452"}],"version-history":[{"count":13,"href":"https:\/\/others.ucimesaweby.sk\/kontakt\/wp-json\/wp\/v2\/pages\/452\/revisions"}],"predecessor-version":[{"id":1148,"href":"https:\/\/others.ucimesaweby.sk\/kontakt\/wp-json\/wp\/v2\/pages\/452\/revisions\/1148"}],"wp:featuredmedia":[{"embeddable":true,"href":"https:\/\/others.ucimesaweby.sk\/kontakt\/wp-json\/wp\/v2\/media\/1122"}],"wp:attachment":[{"href":"https:\/\/others.ucimesaweby.sk\/kontakt\/wp-json\/wp\/v2\/media?parent=452"}],"curies":[{"name":"wp","href":"https:\/\/api.w.org\/{rel}","templated":true}]}}