{"id":450,"date":"2022-10-06T09:30:05","date_gmt":"2022-10-06T09:30:05","guid":{"rendered":"https:\/\/others.ucimesaweby.sk\/kontakt\/?page_id=450"},"modified":"2022-11-23T19:40:25","modified_gmt":"2022-11-23T19:40:25","slug":"podcasty","status":"publish","type":"page","link":"https:\/\/others.ucimesaweby.sk\/kontakt\/podcasty\/","title":{"rendered":"Podcasty"},"content":{"rendered":"\t\t<div data-elementor-type=\"wp-page\" data-elementor-id=\"450\" class=\"elementor elementor-450\">\n\t\t\t\t\t\t\t\t\t<section class=\"elementor-section elementor-top-section elementor-element elementor-element-7e21b17 elementor-section-boxed elementor-section-height-default elementor-section-height-default\" data-id=\"7e21b17\" data-element_type=\"section\">\n\t\t\t\t\t\t<div class=\"elementor-container elementor-column-gap-default\">\n\t\t\t\t\t<div class=\"elementor-column elementor-col-100 elementor-top-column elementor-element elementor-element-07fece8\" data-id=\"07fece8\" data-element_type=\"column\">\n\t\t\t<div class=\"elementor-widget-wrap elementor-element-populated\">\n\t\t\t\t\t\t\t\t<div class=\"elementor-element elementor-element-155ae84 elementor-widget elementor-widget-eael-post-timeline\" data-id=\"155ae84\" data-element_type=\"widget\" data-widget_type=\"eael-post-timeline.default\">\n\t\t\t\t<div class=\"elementor-widget-container\">\n\t\t\t<div id=\"eael-post-timeline-155ae84\" class=\"eael-post-timeline timeline-layout-default eael-post-timeline-arrow-\">\n            <div class=\"eael-post-timeline eael-post-appender eael-post-appender-155ae84\"><article class=\"eael-timeline-post eael-timeline-column\">\n    <div class=\"eael-timeline-bullet\"><\/div>\n    <div class=\"eael-timeline-post-inner\">\n        <a class=\"eael-timeline-post-link\" href=\"https:\/\/others.ucimesaweby.sk\/kontakt\/startitup-podcasty\/\" title=\"Startitup podcasty\">\n            <time datetime=\"23 novembra, 2022\">23 novembra, 2022<\/time>\n            <div class=\"eael-timeline-post-image attachment-medium size-medium\" style=\"background-image: url(https:\/\/others.ucimesaweby.sk\/kontakt\/wp-content\/uploads\/2022\/11\/Sni\u0301mka-obrazovky-2022-11-29-o-21.32.32-300x102.png);\"><\/div><div class=\"eael-timeline-post-excerpt\"><p>Startitup podcasty Mnoho \u013eud\u00ed a mnoh\u00e9 t\u00e9my. Povedali by sme,...<\/p><\/div><div class=\"eael-timeline-post-title\">\n                    <h2 class=\"eael-timeline-post-title-text\">Startitup podcasty<\/h2>\n                <\/div><\/a>\n    <\/div>\n<\/article><article class=\"eael-timeline-post eael-timeline-column\">\n    <div class=\"eael-timeline-bullet\"><\/div>\n    <div class=\"eael-timeline-post-inner\">\n        <a class=\"eael-timeline-post-link\" href=\"https:\/\/others.ucimesaweby.sk\/kontakt\/dejepis-inak\/\" title=\"Dejepis inak\">\n            <time datetime=\"23 novembra, 2022\">23 novembra, 2022<\/time>\n            <div class=\"eael-timeline-post-image attachment-medium size-medium\" style=\"background-image: url(https:\/\/others.ucimesaweby.sk\/kontakt\/wp-content\/uploads\/2022\/11\/Sni\u0301mka-obrazovky-2022-11-29-o-21.34.12-300x102.png);\"><\/div><div class=\"eael-timeline-post-excerpt\"><p>Dejepis inak P\u00f4vabn\u00e1 d\u00e1ma Sandra zauj\u00edmav\u00fdm sp\u00f4sobom vzdel\u00e1va mlad\u00fdch \u013eud\u00ed...<\/p><\/div><div class=\"eael-timeline-post-title\">\n                    <h2 class=\"eael-timeline-post-title-text\">Dejepis inak<\/h2>\n                <\/div><\/a>\n    <\/div>\n<\/article><article class=\"eael-timeline-post eael-timeline-column\">\n    <div class=\"eael-timeline-bullet\"><\/div>\n    <div class=\"eael-timeline-post-inner\">\n        <a class=\"eael-timeline-post-link\" href=\"https:\/\/others.ucimesaweby.sk\/kontakt\/chod-do\/\" title=\"Cho\u010f do&#8230;\">\n            <time datetime=\"23 novembra, 2022\">23 novembra, 2022<\/time>\n            <div class=\"eael-timeline-post-image attachment-medium size-medium\" style=\"background-image: url(https:\/\/others.ucimesaweby.sk\/kontakt\/wp-content\/uploads\/2022\/11\/Sni\u0301mka-obrazovky-2022-11-29-o-21.35.28-300x102.png);\"><\/div><div class=\"eael-timeline-post-excerpt\"><p>Cho\u010f do&#8230; Traja chlapi &#8211; Martin Navr\u00e1til, Peter Hlini\u010dan a&nbsp;Pavel...<\/p><\/div><div class=\"eael-timeline-post-title\">\n                    <h2 class=\"eael-timeline-post-title-text\">Cho\u010f do&#8230;<\/h2>\n                <\/div><\/a>\n    <\/div>\n<\/article><article class=\"eael-timeline-post eael-timeline-column\">\n    <div class=\"eael-timeline-bullet\"><\/div>\n    <div class=\"eael-timeline-post-inner\">\n        <a class=\"eael-timeline-post-link\" href=\"https:\/\/others.ucimesaweby.sk\/kontakt\/doktor-ma-filipa\/\" title=\"Doktor m\u00e1 Filipa\">\n            <time datetime=\"23 novembra, 2022\">23 novembra, 2022<\/time>\n            <div class=\"eael-timeline-post-image attachment-medium size-medium\" style=\"background-image: url(https:\/\/others.ucimesaweby.sk\/kontakt\/wp-content\/uploads\/2022\/11\/Sni\u0301mka-obrazovky-2022-11-29-o-21.37.10-300x102.png);\"><\/div><div class=\"eael-timeline-post-excerpt\"><p>Doktor m\u00e1 Filipa P\u00e1n lek\u00e1r Fatrs\u00edk, p\u00f4vodom z&nbsp;Pova\u017eskej Bystrice, je...<\/p><\/div><div class=\"eael-timeline-post-title\">\n                    <h2 class=\"eael-timeline-post-title-text\">Doktor m\u00e1 Filipa<\/h2>\n                <\/div><\/a>\n    <\/div>\n<\/article><article class=\"eael-timeline-post eael-timeline-column\">\n    <div class=\"eael-timeline-bullet\"><\/div>\n    <div class=\"eael-timeline-post-inner\">\n        <a class=\"eael-timeline-post-link\" href=\"https:\/\/others.ucimesaweby.sk\/kontakt\/tri-nezname\/\" title=\"Tri nezn\u00e1me\">\n            <time datetime=\"23 novembra, 2022\">23 novembra, 2022<\/time>\n            <div class=\"eael-timeline-post-image attachment-medium size-medium\" style=\"background-image: url(https:\/\/others.ucimesaweby.sk\/kontakt\/wp-content\/uploads\/2022\/11\/Sni\u0301mka-obrazovky-2022-11-29-o-21.38.24-300x102.png);\"><\/div><div class=\"eael-timeline-post-excerpt\"><p>Tri nezn\u00e1me Dve \u017eeny, ktor\u00e9 hovoria o&nbsp;svojej bujarej minulosti. Dnes...<\/p><\/div><div class=\"eael-timeline-post-title\">\n                    <h2 class=\"eael-timeline-post-title-text\">Tri nezn\u00e1me<\/h2>\n                <\/div><\/a>\n    <\/div>\n<\/article><\/div>\n\t\t<\/div>\t\t<\/div>\n\t\t\t\t<\/div>\n\t\t\t\t\t<\/div>\n\t\t<\/div>\n\t\t\t\t\t\t\t<\/div>\n\t\t<\/section>\n\t\t\t\t\t\t\t<\/div>\n\t\t","protected":false},"excerpt":{"rendered":"<p>November 23, 2022 Startitup podcasty November 23, 2022 Dejepis inak November 23, 2022 Chod do&#8230; November 23, 2022 Doktor m\u00e1 Filipa November 23, 2022 Tri nezn\u00e1me<\/p>\n","protected":false},"author":1,"featured_media":722,"parent":0,"menu_order":0,"comment_status":"closed","ping_status":"closed","template":"","meta":{"site-sidebar-layout":"no-sidebar","site-content-layout":"page-builder","ast-site-content-layout":"","site-content-style":"default","site-sidebar-style":"default","ast-global-header-display":"","ast-banner-title-visibility":"","ast-main-header-display":"","ast-hfb-above-header-display":"","ast-hfb-below-header-display":"","ast-hfb-mobile-header-display":"","site-post-title":"disabled","ast-breadcrumbs-content":"","ast-featured-img":"disabled","footer-sml-layout":"","theme-transparent-header-meta":"","adv-header-id-meta":"","stick-header-meta":"","header-above-stick-meta":"","header-main-stick-meta":"","header-below-stick-meta":"","astra-migrate-meta-layouts":"","footnotes":""},"_links":{"self":[{"href":"https:\/\/others.ucimesaweby.sk\/kontakt\/wp-json\/wp\/v2\/pages\/450"}],"collection":[{"href":"https:\/\/others.ucimesaweby.sk\/kontakt\/wp-json\/wp\/v2\/pages"}],"about":[{"href":"https:\/\/others.ucimesaweby.sk\/kontakt\/wp-json\/wp\/v2\/types\/page"}],"author":[{"embeddable":true,"href":"https:\/\/others.ucimesaweby.sk\/kontakt\/wp-json\/wp\/v2\/users\/1"}],"replies":[{"embeddable":true,"href":"https:\/\/others.ucimesaweby.sk\/kontakt\/wp-json\/wp\/v2\/comments?post=450"}],"version-history":[{"count":13,"href":"https:\/\/others.ucimesaweby.sk\/kontakt\/wp-json\/wp\/v2\/pages\/450\/revisions"}],"predecessor-version":[{"id":725,"href":"https:\/\/others.ucimesaweby.sk\/kontakt\/wp-json\/wp\/v2\/pages\/450\/revisions\/725"}],"wp:featuredmedia":[{"embeddable":true,"href":"https:\/\/others.ucimesaweby.sk\/kontakt\/wp-json\/wp\/v2\/media\/722"}],"wp:attachment":[{"href":"https:\/\/others.ucimesaweby.sk\/kontakt\/wp-json\/wp\/v2\/media?parent=450"}],"curies":[{"name":"wp","href":"https:\/\/api.w.org\/{rel}","templated":true}]}}