{"id":186,"date":"2022-05-30T13:41:40","date_gmt":"2022-05-30T11:41:40","guid":{"rendered":"https:\/\/others.ucimesaweby.sk\/pedax\/?page_id=186"},"modified":"2022-11-17T11:03:32","modified_gmt":"2022-11-17T10:03:32","slug":"aktuality","status":"publish","type":"page","link":"https:\/\/others.ucimesaweby.sk\/chronum\/vystupy-projektu\/aktuality\/","title":{"rendered":"Aktuality"},"content":{"rendered":"\t\t<div data-elementor-type=\"wp-page\" data-elementor-id=\"186\" class=\"elementor elementor-186\">\n\t\t\t\t\t\t\t\t\t<section class=\"elementor-section elementor-top-section elementor-element elementor-element-1028db4 elementor-section-full_width elementor-section-height-default elementor-section-height-default wpr-particle-no wpr-jarallax-no wpr-parallax-no wpr-sticky-section-no\" data-id=\"1028db4\" data-element_type=\"section\" data-settings=\"{&quot;_ha_eqh_enable&quot;:false}\">\n\t\t\t\t\t\t<div class=\"elementor-container elementor-column-gap-default\">\n\t\t\t\t\t<div class=\"elementor-column elementor-col-100 elementor-top-column elementor-element elementor-element-e4773d6\" data-id=\"e4773d6\" data-element_type=\"column\">\n\t\t\t<div class=\"elementor-widget-wrap elementor-element-populated\">\n\t\t\t\t\t\t\t\t<div class=\"elementor-element elementor-element-dfef9e5 elementor-widget elementor-widget-shortcode\" data-id=\"dfef9e5\" data-element_type=\"widget\" data-widget_type=\"shortcode.default\">\n\t\t\t\t<div class=\"elementor-widget-container\">\n\t\t\t\t\t<div class=\"elementor-shortcode\">\t\t<div data-elementor-type=\"section\" data-elementor-id=\"287\" class=\"elementor elementor-287\">\n\t\t\t\t\t\t\t\t<section class=\"elementor-section elementor-top-section elementor-element elementor-element-b2dc12a elementor-section-boxed elementor-section-height-default elementor-section-height-default wpr-particle-no wpr-jarallax-no wpr-parallax-no wpr-sticky-section-no\" data-id=\"b2dc12a\" data-element_type=\"section\" data-settings=\"{&quot;_ha_eqh_enable&quot;:false}\">\n\t\t\t\t\t\t<div class=\"elementor-container elementor-column-gap-default\">\n\t\t\t\t\t<div class=\"elementor-column elementor-col-25 elementor-top-column elementor-element elementor-element-d9bc0dd\" data-id=\"d9bc0dd\" data-element_type=\"column\">\n\t\t\t<div class=\"elementor-widget-wrap elementor-element-populated\">\n\t\t\t\t\t\t\t\t<div class=\"elementor-element elementor-element-84b5f09 elementor-widget elementor-widget-image\" data-id=\"84b5f09\" data-element_type=\"widget\" data-widget_type=\"image.default\">\n\t\t\t\t<div class=\"elementor-widget-container\">\n\t\t\t<style>\/*! elementor - v3.11.1 - 15-02-2023 *\/\n.elementor-widget-image{text-align:center}.elementor-widget-image a{display:inline-block}.elementor-widget-image a img[src$=\".svg\"]{width:48px}.elementor-widget-image img{vertical-align:middle;display:inline-block}<\/style>\t\t\t\t\t\t\t\t\t\t\t\t\t<a href=\"http:\/\/www.history.sav.sk\/\" target=\"_blank\">\n\t\t\t\t\t\t\t<img loading=\"lazy\" decoding=\"async\" width=\"519\" height=\"275\" src=\"https:\/\/others.ucimesaweby.sk\/chronum\/wp-content\/uploads\/2022\/05\/HU_Logo.jpg\" class=\"attachment-large size-large wp-image-687\" alt=\"\" srcset=\"https:\/\/others.ucimesaweby.sk\/chronum\/wp-content\/uploads\/2022\/05\/HU_Logo.jpg 519w, https:\/\/others.ucimesaweby.sk\/chronum\/wp-content\/uploads\/2022\/05\/HU_Logo-300x159.jpg 300w\" sizes=\"auto, (max-width: 519px) 100vw, 519px\" \/>\t\t\t\t\t\t\t\t<\/a>\n\t\t\t\t\t\t\t\t\t\t\t\t\t\t\t<\/div>\n\t\t\t\t<\/div>\n\t\t\t\t\t<\/div>\n\t\t<\/div>\n\t\t\t\t<div class=\"elementor-column elementor-col-25 elementor-top-column elementor-element elementor-element-93a46df\" data-id=\"93a46df\" data-element_type=\"column\">\n\t\t\t<div class=\"elementor-widget-wrap elementor-element-populated\">\n\t\t\t\t\t\t\t\t<div class=\"elementor-element elementor-element-d248059 elementor-widget elementor-widget-image\" data-id=\"d248059\" data-element_type=\"widget\" data-widget_type=\"image.default\">\n\t\t\t\t<div class=\"elementor-widget-container\">\n\t\t\t\t\t\t\t\t\t\t\t\t\t\t\t\t<a href=\"https:\/\/www.apvv.sk\/\" target=\"_blank\">\n\t\t\t\t\t\t\t<img loading=\"lazy\" decoding=\"async\" width=\"691\" height=\"194\" src=\"https:\/\/others.ucimesaweby.sk\/chronum\/wp-content\/uploads\/2022\/05\/apvv-nazov.png\" class=\"attachment-large size-large wp-image-680\" alt=\"\" srcset=\"https:\/\/others.ucimesaweby.sk\/chronum\/wp-content\/uploads\/2022\/05\/apvv-nazov.png 691w, https:\/\/others.ucimesaweby.sk\/chronum\/wp-content\/uploads\/2022\/05\/apvv-nazov-300x84.png 300w\" sizes=\"auto, (max-width: 691px) 100vw, 691px\" \/>\t\t\t\t\t\t\t\t<\/a>\n\t\t\t\t\t\t\t\t\t\t\t\t\t\t\t<\/div>\n\t\t\t\t<\/div>\n\t\t\t\t\t<\/div>\n\t\t<\/div>\n\t\t\t\t<div class=\"elementor-column elementor-col-25 elementor-top-column elementor-element elementor-element-e231775\" data-id=\"e231775\" data-element_type=\"column\">\n\t\t\t<div class=\"elementor-widget-wrap elementor-element-populated\">\n\t\t\t\t\t\t\t\t<div class=\"elementor-element elementor-element-07027ea elementor-widget elementor-widget-image\" data-id=\"07027ea\" data-element_type=\"widget\" data-widget_type=\"image.default\">\n\t\t\t\t<div class=\"elementor-widget-container\">\n\t\t\t\t\t\t\t\t\t\t\t\t\t\t\t\t<a href=\"https:\/\/uk.sav.sk\/\" target=\"_blank\">\n\t\t\t\t\t\t\t<img loading=\"lazy\" decoding=\"async\" width=\"1024\" height=\"283\" src=\"https:\/\/others.ucimesaweby.sk\/chronum\/wp-content\/uploads\/2022\/05\/UKSAV-NOVELOGO-2020farba-FBFINAL-1024x283.jpg\" class=\"attachment-large size-large wp-image-688\" alt=\"\" srcset=\"https:\/\/others.ucimesaweby.sk\/chronum\/wp-content\/uploads\/2022\/05\/UKSAV-NOVELOGO-2020farba-FBFINAL-1024x283.jpg 1024w, https:\/\/others.ucimesaweby.sk\/chronum\/wp-content\/uploads\/2022\/05\/UKSAV-NOVELOGO-2020farba-FBFINAL-300x83.jpg 300w, https:\/\/others.ucimesaweby.sk\/chronum\/wp-content\/uploads\/2022\/05\/UKSAV-NOVELOGO-2020farba-FBFINAL-768x212.jpg 768w, https:\/\/others.ucimesaweby.sk\/chronum\/wp-content\/uploads\/2022\/05\/UKSAV-NOVELOGO-2020farba-FBFINAL.jpg 1431w\" sizes=\"auto, (max-width: 1024px) 100vw, 1024px\" \/>\t\t\t\t\t\t\t\t<\/a>\n\t\t\t\t\t\t\t\t\t\t\t\t\t\t\t<\/div>\n\t\t\t\t<\/div>\n\t\t\t\t\t<\/div>\n\t\t<\/div>\n\t\t\t\t<div class=\"elementor-column elementor-col-25 elementor-top-column elementor-element elementor-element-f9f66d1\" data-id=\"f9f66d1\" data-element_type=\"column\">\n\t\t\t<div class=\"elementor-widget-wrap elementor-element-populated\">\n\t\t\t\t\t\t\t\t<div class=\"elementor-element elementor-element-c087e5e elementor-widget elementor-widget-image\" data-id=\"c087e5e\" data-element_type=\"widget\" data-widget_type=\"image.default\">\n\t\t\t\t<div class=\"elementor-widget-container\">\n\t\t\t\t\t\t\t\t\t\t\t\t\t\t\t\t<a href=\"https:\/\/fhv.uniza.sk\/web\/\" target=\"_blank\">\n\t\t\t\t\t\t\t<img loading=\"lazy\" decoding=\"async\" width=\"1024\" height=\"215\" src=\"https:\/\/others.ucimesaweby.sk\/chronum\/wp-content\/uploads\/2022\/05\/FHV_H_S_sk_f-1024x215.png\" class=\"attachment-large size-large wp-image-249\" alt=\"\" srcset=\"https:\/\/others.ucimesaweby.sk\/chronum\/wp-content\/uploads\/2022\/05\/FHV_H_S_sk_f-1024x215.png 1024w, https:\/\/others.ucimesaweby.sk\/chronum\/wp-content\/uploads\/2022\/05\/FHV_H_S_sk_f-300x63.png 300w, https:\/\/others.ucimesaweby.sk\/chronum\/wp-content\/uploads\/2022\/05\/FHV_H_S_sk_f-768x161.png 768w, https:\/\/others.ucimesaweby.sk\/chronum\/wp-content\/uploads\/2022\/05\/FHV_H_S_sk_f-1536x322.png 1536w, https:\/\/others.ucimesaweby.sk\/chronum\/wp-content\/uploads\/2022\/05\/FHV_H_S_sk_f-2048x429.png 2048w\" sizes=\"auto, (max-width: 1024px) 100vw, 1024px\" \/>\t\t\t\t\t\t\t\t<\/a>\n\t\t\t\t\t\t\t\t\t\t\t\t\t\t\t<\/div>\n\t\t\t\t<\/div>\n\t\t\t\t\t<\/div>\n\t\t<\/div>\n\t\t\t\t\t\t\t<\/div>\n\t\t<\/section>\n\t\t\t\t\t\t<\/div>\n\t\t<\/div>\n\t\t\t\t<\/div>\n\t\t\t\t<\/div>\n\t\t\t\t\t<\/div>\n\t\t<\/div>\n\t\t\t\t\t\t\t<\/div>\n\t\t<\/section>\n\t\t\t\t<section class=\"elementor-section elementor-top-section elementor-element elementor-element-c961193 elementor-section-boxed elementor-section-height-default elementor-section-height-default wpr-particle-no wpr-jarallax-no wpr-parallax-no wpr-sticky-section-no\" data-id=\"c961193\" data-element_type=\"section\" data-settings=\"{&quot;_ha_eqh_enable&quot;:false}\">\n\t\t\t\t\t\t<div class=\"elementor-container elementor-column-gap-default\">\n\t\t\t\t\t<div class=\"elementor-column elementor-col-100 elementor-top-column elementor-element elementor-element-f8a084d\" data-id=\"f8a084d\" data-element_type=\"column\">\n\t\t\t<div class=\"elementor-widget-wrap elementor-element-populated\">\n\t\t\t\t\t\t\t\t<div class=\"elementor-element elementor-element-d3679c1 elementor-widget elementor-widget-futurio-extra-posts\" data-id=\"d3679c1\" data-element_type=\"widget\" data-widget_type=\"futurio-extra-posts.default\">\n\t\t\t\t<div class=\"elementor-widget-container\">\n\t\t\t\n\t\t<div class=\"f-posts-shortcode\">\n\t\t\t<div class=\"latest-news-wrapper\">\n\t\t\t\t\t\t\t<article id=\"post-572\" class=\"news-item text-center col-md-4 post-572 post type-post status-publish format-standard hentry category-aktuality\">\n\t\t\t\t\t<div class=\"entry-thumb\">\n\t\t\t\t\t\t\t\t\n\t\t\t\t\t<\/div>\t\t\t\t\t\t\n  \t\t\t\t<h4 class=\"entry-title\"><a href=\"https:\/\/others.ucimesaweby.sk\/chronum\/online-medzinarodna-konferencia-na-temu-changes-and-challenges-of\/\" rel=\"bookmark\">Online medzin\u00e1rodn\u00e1 konferencia na t\u00e9mu\u00a0&#8220;Changes and Challenges of &#8230;&#8221;<\/a><\/h4>          <div class=\"f-line\"><\/div>\n\t\t\t\t\t<div class=\"post-excerpt\">\n\t\t\t\t\tD\u0148a 23. 6. 2022 sa\u00a0prostredn\u00edctvom platformy MS Teams\u00a0uskuto\u010dnila online medzin\u00e1rodn\u00e1 konferencia na t\u00e9mu\u00a0Changes and Challenges&hellip;          <\/div>\n\t\t\t\t<\/article>\n\t\t\t\t\t\t\t<article id=\"post-557\" class=\"news-item text-center col-md-4 post-557 post type-post status-publish format-standard hentry category-aktuality\">\n\t\t\t\t\t<div class=\"entry-thumb\">\n\t\t\t\t\t\t\t\t\n\t\t\t\t\t<\/div>\t\t\t\t\t\t\n  \t\t\t\t<h4 class=\"entry-title\"><a href=\"https:\/\/others.ucimesaweby.sk\/chronum\/2-workshop-pedax\/\" rel=\"bookmark\">2. workshop PEDAX<\/a><\/h4>          <div class=\"f-line\"><\/div>\n\t\t\t\t\t<div class=\"post-excerpt\">\n\t\t\t\t\tD\u0148a 31. 5. 2022 sa uskuto\u010dnil 2. workshop projektu PEDAX.\u00a0 Rie\u0161itelia diskutovali o cenn\u00fdch a&hellip;          <\/div>\n\t\t\t\t<\/article>\n\t\t\t\t\t\t\t<article id=\"post-551\" class=\"news-item text-center col-md-4 post-551 post type-post status-publish format-standard hentry category-aktuality category-nezaradene\">\n\t\t\t\t\t<div class=\"entry-thumb\">\n\t\t\t\t\t\t\t\t\n\t\t\t\t\t<\/div>\t\t\t\t\t\t\n  \t\t\t\t<h4 class=\"entry-title\"><a href=\"https:\/\/others.ucimesaweby.sk\/chronum\/medzinarodna-konferencia\/\" rel=\"bookmark\">Medzin\u00e1rodn\u00e1 konferencia<\/a><\/h4>          <div class=\"f-line\"><\/div>\n\t\t\t\t\t<div class=\"post-excerpt\">\n\t\t\t\t\tD\u0148a 23. 6. 2022 sa uskuto\u010dn\u00ed prostredn\u00edctvom platform MS Teams online medzin\u00e1rodn\u00e1 konferencia na t\u00e9mu\u00a0Changes&hellip;          <\/div>\n\t\t\t\t<\/article>\n\t\t\t\t\t\t\t<article id=\"post-473\" class=\"news-item text-center col-md-4 post-473 post type-post status-publish format-standard hentry category-aktuality\">\n\t\t\t\t\t<div class=\"entry-thumb\">\n\t\t\t\t\t\t\t\t\n\t\t\t\t\t<\/div>\t\t\t\t\t\t\n  \t\t\t\t<h4 class=\"entry-title\"><a href=\"https:\/\/others.ucimesaweby.sk\/chronum\/boli-stanovene-terminy-workshopu-a-konferencie-v-suvislosti-s-podaktivitou-2\/\" rel=\"bookmark\">Boli stanoven\u00e9 term\u00edny workshopu a konferencie v s\u00favislosti s Podaktivitou 2<\/a><\/h4>          <div class=\"f-line\"><\/div>\n\t\t\t\t\t<div class=\"post-excerpt\">\n\t\t\t\t\tWorkshop zameran\u00fd na zvy\u0161ovanie kvality pedagogick\u00fdch prax\u00ed na in\u0161titucion\u00e1lnej \u00farovni sa uskuto\u010dn\u00ed 31. 5. 2022&hellip;          <\/div>\n\t\t\t\t<\/article>\n\t\t\t\t\t\t\t<article id=\"post-471\" class=\"news-item text-center col-md-4 post-471 post type-post status-publish format-standard hentry category-aktuality\">\n\t\t\t\t\t<div class=\"entry-thumb\">\n\t\t\t\t\t\t\t\t\n\t\t\t\t\t<\/div>\t\t\t\t\t\t\n  \t\t\t\t<h4 class=\"entry-title\"><a href=\"https:\/\/others.ucimesaweby.sk\/chronum\/zacal-sa-prieskum-modelov-realizacie-pedagogickych-praxi-v-europskom-priestore\/\" rel=\"bookmark\">Za\u010dal sa prieskum\u00a0modelov realiz\u00e1cie pedagogick\u00fdch prax\u00ed v Eur\u00f3pskom priestore<\/a><\/h4>          <div class=\"f-line\"><\/div>\n\t\t\t\t\t<div class=\"post-excerpt\">\n\t\t\t\t\tNa Slovensku i v ostatn\u00fdch eur\u00f3pskych krajin\u00e1ch\u00a0\u00a0(Ma\u010farsko, \u010cesko, Po\u013esko, Rak\u00fasko, Nemecko, Taliansko, F\u00ednsko, \u0160panielsko, Portugalsko)\u00a0existuj\u00fa&hellip;          <\/div>\n\t\t\t\t<\/article>\n\t\t\t\t\t\t\t<article id=\"post-468\" class=\"news-item text-center col-md-4 post-468 post type-post status-publish format-standard has-post-thumbnail hentry category-aktuality\">\n\t\t\t\t\t<div class=\"entry-thumb\">\n\t\t\t\t\t\t\t\t\t<div class=\"news-thumb \">\n\t\t\t\t<a href=\"https:\/\/others.ucimesaweby.sk\/chronum\/aktivita-c-1-uspesne-ukoncena-vyhotovili-sa-ciastkove-zaverecne-spravy\/\" title=\"Aktivita \u010d. 1 \u00faspe\u0161ne ukon\u010den\u00e1 &#8211; vyhotovili sa \u010diastkov\u00e9 z\u00e1vere\u010dn\u00e9 spr\u00e1vy!\">\n\t\t\t\t\t<img loading=\"lazy\" decoding=\"async\" width=\"720\" height=\"405\" src=\"https:\/\/others.ucimesaweby.sk\/chronum\/wp-content\/uploads\/2022\/05\/PEDAX_IMG_-22-720x405.jpg\" class=\"attachment-futurio-med size-futurio-med wp-post-image\" alt=\"\" srcset=\"https:\/\/others.ucimesaweby.sk\/chronum\/wp-content\/uploads\/2022\/05\/PEDAX_IMG_-22-720x405.jpg 720w, https:\/\/others.ucimesaweby.sk\/chronum\/wp-content\/uploads\/2022\/05\/PEDAX_IMG_-22-1140x641.jpg 1140w\" sizes=\"auto, (max-width: 720px) 100vw, 720px\" \/>\t\t\t\t<\/a>\n\t\t\t<\/div><!-- .news-thumb -->\n\t\t\t\t\n\t\t\t\t\t<\/div>\t\t\t\t\t\t\n  \t\t\t\t<h4 class=\"entry-title\"><a href=\"https:\/\/others.ucimesaweby.sk\/chronum\/aktivita-c-1-uspesne-ukoncena-vyhotovili-sa-ciastkove-zaverecne-spravy\/\" rel=\"bookmark\">Aktivita \u010d. 1 \u00faspe\u0161ne ukon\u010den\u00e1 &#8211; vyhotovili sa \u010diastkov\u00e9 z\u00e1vere\u010dn\u00e9 spr\u00e1vy!<\/a><\/h4>          <div class=\"f-line\"><\/div>\n\t\t\t\t\t<div class=\"post-excerpt\">\n\t\t\t\t\tAnal\u00fdza dotazn\u00edkov\u00e9ho prieskumu v r\u00e1mci projektu Anal\u00fdza rozhovorov s cvi\u010dn\u00fdmi u\u010dite\u013emi v r\u00e1mci projektu Kvantitat\u00edvna&hellip;          <\/div>\n\t\t\t\t<\/article>\n\t\t\t\t\t\t\t<article id=\"post-463\" class=\"news-item text-center col-md-4 post-463 post type-post status-publish format-standard hentry category-aktuality\">\n\t\t\t\t\t<div class=\"entry-thumb\">\n\t\t\t\t\t\t\t\t\n\t\t\t\t\t<\/div>\t\t\t\t\t\t\n  \t\t\t\t<h4 class=\"entry-title\"><a href=\"https:\/\/others.ucimesaweby.sk\/chronum\/uskutocnil-sa-1-workshop-projektu-pedax\/\" rel=\"bookmark\">Uskuto\u010dnil sa 1. workshop projektu PEDAX!<\/a><\/h4>          <div class=\"f-line\"><\/div>\n\t\t\t\t\t<div class=\"post-excerpt\">\n\t\t\t\t\tV\u00fdznamn\u00fdm momentom n\u00e1\u0161ho projektu bol workshop, kde sa okrem rie\u0161ite\u013eov z\u00fa\u010dastnili aj projektov\u00e9 expertky z\u00a0extern\u00e9ho&hellip;          <\/div>\n\t\t\t\t<\/article>\n\t\t\t\t\t\t\t<article id=\"post-480\" class=\"news-item text-center col-md-4 post-480 post type-post status-publish format-standard has-post-thumbnail hentry category-aktuality\">\n\t\t\t\t\t<div class=\"entry-thumb\">\n\t\t\t\t\t\t\t\t\t<div class=\"news-thumb \">\n\t\t\t\t<a href=\"https:\/\/others.ucimesaweby.sk\/chronum\/pozvanka-na-prvy-workshop\/\" title=\"Pozv\u00e1nka na prv\u00fd workshop\">\n\t\t\t\t\t<img loading=\"lazy\" decoding=\"async\" width=\"720\" height=\"405\" src=\"https:\/\/others.ucimesaweby.sk\/chronum\/wp-content\/uploads\/2022\/05\/PEDAX_others-6-720x405.jpg\" class=\"attachment-futurio-med size-futurio-med wp-post-image\" alt=\"\" srcset=\"https:\/\/others.ucimesaweby.sk\/chronum\/wp-content\/uploads\/2022\/05\/PEDAX_others-6-720x405.jpg 720w, https:\/\/others.ucimesaweby.sk\/chronum\/wp-content\/uploads\/2022\/05\/PEDAX_others-6-1140x641.jpg 1140w\" sizes=\"auto, (max-width: 720px) 100vw, 720px\" \/>\t\t\t\t<\/a>\n\t\t\t<\/div><!-- .news-thumb -->\n\t\t\t\t\n\t\t\t\t\t<\/div>\t\t\t\t\t\t\n  \t\t\t\t<h4 class=\"entry-title\"><a href=\"https:\/\/others.ucimesaweby.sk\/chronum\/pozvanka-na-prvy-workshop\/\" rel=\"bookmark\">Pozv\u00e1nka na prv\u00fd workshop<\/a><\/h4>          <div class=\"f-line\"><\/div>\n\t\t\t\t\t<div class=\"post-excerpt\">\n\t\t\t\t\t          <\/div>\n\t\t\t\t<\/article>\n\t\t\t\t\t\t<\/div>\n\t\t<\/div>\n\n\t\t\n\t\t\t\t<\/div>\n\t\t\t\t<\/div>\n\t\t\t\t\t<\/div>\n\t\t<\/div>\n\t\t\t\t\t\t\t<\/div>\n\t\t<\/section>\n\t\t\t\t\t\t\t<\/div>\n\t\t","protected":false},"excerpt":{"rendered":"<p>Ahoj svet! Vitajte vo WordPress. Toto je v\u00e1\u0161 prv\u00fd \u010dl\u00e1nok. Upravte ho alebo zma\u017ete a za\u010dnite p\u00edsa\u0165! Donec iaculis gravida nulla Lorem ipsum dolor sit amet, consectetuer adipiscing elit. Duis risus. Nullam sit amet magna in&hellip; Etiam bibendum elit eget erat Lorem ipsum dolor sit amet, consectetuer adipiscing elit. Duis risus. Nullam sit amet magna&hellip;<\/p>\n","protected":false},"author":1,"featured_media":0,"parent":192,"menu_order":0,"comment_status":"closed","ping_status":"closed","template":"","meta":{"footnotes":""},"folder":[],"class_list":["post-186","page","type-page","status-publish","hentry"],"aioseo_notices":[],"_links":{"self":[{"href":"https:\/\/others.ucimesaweby.sk\/chronum\/wp-json\/wp\/v2\/pages\/186","targetHints":{"allow":["GET"]}}],"collection":[{"href":"https:\/\/others.ucimesaweby.sk\/chronum\/wp-json\/wp\/v2\/pages"}],"about":[{"href":"https:\/\/others.ucimesaweby.sk\/chronum\/wp-json\/wp\/v2\/types\/page"}],"author":[{"embeddable":true,"href":"https:\/\/others.ucimesaweby.sk\/chronum\/wp-json\/wp\/v2\/users\/1"}],"replies":[{"embeddable":true,"href":"https:\/\/others.ucimesaweby.sk\/chronum\/wp-json\/wp\/v2\/comments?post=186"}],"version-history":[{"count":10,"href":"https:\/\/others.ucimesaweby.sk\/chronum\/wp-json\/wp\/v2\/pages\/186\/revisions"}],"predecessor-version":[{"id":440,"href":"https:\/\/others.ucimesaweby.sk\/chronum\/wp-json\/wp\/v2\/pages\/186\/revisions\/440"}],"up":[{"embeddable":true,"href":"https:\/\/others.ucimesaweby.sk\/chronum\/wp-json\/wp\/v2\/pages\/192"}],"wp:attachment":[{"href":"https:\/\/others.ucimesaweby.sk\/chronum\/wp-json\/wp\/v2\/media?parent=186"}],"wp:term":[{"taxonomy":"folder","embeddable":true,"href":"https:\/\/others.ucimesaweby.sk\/chronum\/wp-json\/wp\/v2\/folder?post=186"}],"curies":[{"name":"wp","href":"https:\/\/api.w.org\/{rel}","templated":true}]}}