{"id":1209,"date":"2024-07-28T16:00:27","date_gmt":"2024-07-28T14:00:27","guid":{"rendered":"https:\/\/others.ucimesaweby.sk\/chronum\/?page_id=1209"},"modified":"2024-07-29T13:07:17","modified_gmt":"2024-07-29T11:07:17","slug":"primarna-databaza","status":"publish","type":"page","link":"https:\/\/others.ucimesaweby.sk\/chronum\/vystupy-projektu\/primarna-databaza\/","title":{"rendered":"Chronol\u00f3gia dej\u00edn kni\u017en\u00edc na Slovensku"},"content":{"rendered":"\t\t<div data-elementor-type=\"wp-page\" data-elementor-id=\"1209\" class=\"elementor elementor-1209\">\n\t\t\t\t\t\t\t\t\t<section class=\"elementor-section elementor-top-section elementor-element elementor-element-b7abe92 elementor-section-full_width elementor-section-content-top elementor-section-stretched elementor-section-height-default elementor-section-height-default wpr-particle-no wpr-jarallax-no wpr-parallax-no\" data-id=\"b7abe92\" data-element_type=\"section\" data-settings=\"{&quot;stretch_section&quot;:&quot;section-stretched&quot;,&quot;_ha_eqh_enable&quot;:false}\">\n\t\t\t\t\t\t<div class=\"elementor-container elementor-column-gap-no\">\n\t\t\t\t\t<div class=\"elementor-column elementor-col-100 elementor-top-column elementor-element elementor-element-f9ca626\" data-id=\"f9ca626\" data-element_type=\"column\">\n\t\t\t<div class=\"elementor-widget-wrap elementor-element-populated\">\n\t\t\t\t\t\t\t\t<div class=\"elementor-element elementor-element-c569c62 elementor-widget elementor-widget-html\" data-id=\"c569c62\" data-element_type=\"widget\" data-widget_type=\"html.default\">\n\t\t\t\t<div class=\"elementor-widget-container\">\n\t\t\t<iframe src=\"https:\/\/kmkd.fhv.uniza.sk\/databazy\/index.php\/chronum-primarna-databaza\/\" height=\"1650\" overflow=\"scroll\"><\/iframe>\t\t<\/div>\n\t\t\t\t<\/div>\n\t\t\t\t\t<\/div>\n\t\t<\/div>\n\t\t\t\t\t\t\t<\/div>\n\t\t<\/section>\n\t\t\t\t\t\t\t<\/div>\n\t\t","protected":false},"excerpt":{"rendered":"","protected":false},"author":1,"featured_media":627,"parent":192,"menu_order":0,"comment_status":"closed","ping_status":"closed","template":"","meta":{"footnotes":""},"folder":[],"class_list":["post-1209","page","type-page","status-publish","has-post-thumbnail","hentry"],"aioseo_notices":[],"_links":{"self":[{"href":"https:\/\/others.ucimesaweby.sk\/chronum\/wp-json\/wp\/v2\/pages\/1209","targetHints":{"allow":["GET"]}}],"collection":[{"href":"https:\/\/others.ucimesaweby.sk\/chronum\/wp-json\/wp\/v2\/pages"}],"about":[{"href":"https:\/\/others.ucimesaweby.sk\/chronum\/wp-json\/wp\/v2\/types\/page"}],"author":[{"embeddable":true,"href":"https:\/\/others.ucimesaweby.sk\/chronum\/wp-json\/wp\/v2\/users\/1"}],"replies":[{"embeddable":true,"href":"https:\/\/others.ucimesaweby.sk\/chronum\/wp-json\/wp\/v2\/comments?post=1209"}],"version-history":[{"count":5,"href":"https:\/\/others.ucimesaweby.sk\/chronum\/wp-json\/wp\/v2\/pages\/1209\/revisions"}],"predecessor-version":[{"id":1216,"href":"https:\/\/others.ucimesaweby.sk\/chronum\/wp-json\/wp\/v2\/pages\/1209\/revisions\/1216"}],"up":[{"embeddable":true,"href":"https:\/\/others.ucimesaweby.sk\/chronum\/wp-json\/wp\/v2\/pages\/192"}],"wp:featuredmedia":[{"embeddable":true,"href":"https:\/\/others.ucimesaweby.sk\/chronum\/wp-json\/wp\/v2\/media\/627"}],"wp:attachment":[{"href":"https:\/\/others.ucimesaweby.sk\/chronum\/wp-json\/wp\/v2\/media?parent=1209"}],"wp:term":[{"taxonomy":"folder","embeddable":true,"href":"https:\/\/others.ucimesaweby.sk\/chronum\/wp-json\/wp\/v2\/folder?post=1209"}],"curies":[{"name":"wp","href":"https:\/\/api.w.org\/{rel}","templated":true}]}}